{"id":368775,"date":"2022-12-01T10:05:16","date_gmt":"2022-12-01T10:05:16","guid":{"rendered":"https:\/\/mecanopenedes.com\/serveis-i-productes\/mecanizacion-componentes-matriceria\/"},"modified":"2023-09-18T09:48:26","modified_gmt":"2023-09-18T09:48:26","slug":"mecanizacion-componentes-matriceria","status":"publish","type":"page","link":"https:\/\/mecanopenedes.com\/ca\/serveis-i-productes\/mecanizacion-componentes-matriceria\/","title":{"rendered":"Mecanitzaci\u00f3 components matriceria"},"content":{"rendered":"<p>[et_pb_section fb_built=&#8221;1&#8243; _builder_version=&#8221;4.21.0&#8243; _module_preset=&#8221;default&#8221; background_color=&#8221;#b5b5b5&#8243; background_image=&#8221;https:\/\/mecanopenedes.com\/wp-content\/uploads\/2023\/09\/1.jpg&#8221; background_blend=&#8221;multiply&#8221; min_height=&#8221;400px&#8221; global_colors_info=&#8221;{}&#8221;][et_pb_row _builder_version=&#8221;4.19.1&#8243; _module_preset=&#8221;default&#8221; global_colors_info=&#8221;{}&#8221;][et_pb_column type=&#8221;4_4&#8243; _builder_version=&#8221;4.19.1&#8243; _module_preset=&#8221;default&#8221; global_colors_info=&#8221;{}&#8221;][et_pb_text _builder_version=&#8221;4.19.2&#8243; _module_preset=&#8221;default&#8221; text_text_color=&#8221;#EAB2A1&#8243; text_font_size=&#8221;28px&#8221; text_line_height=&#8221;1.8em&#8221; header_font=&#8221;|600|||||||&#8221; header_text_color=&#8221;#e5e5e5&#8243; header_font_size=&#8221;91px&#8221; text_orientation=&#8221;center&#8221; header_font_size_tablet=&#8221;91px&#8221; header_font_size_phone=&#8221;47px&#8221; header_font_size_last_edited=&#8221;on|phone&#8221; global_colors_info=&#8221;{}&#8221;]<\/p>\n<p>Mecano Pened\u00e8s<\/p>\n<h1>Mecanitzaci\u00f3 components matriceria<\/h1>\n<p>[\/et_pb_text][\/et_pb_column][\/et_pb_row][\/et_pb_section][et_pb_section fb_built=&#8221;1&#8243; _builder_version=&#8221;4.19.1&#8243; _module_preset=&#8221;default&#8221; global_colors_info=&#8221;{}&#8221;][et_pb_row column_structure=&#8221;3_5,2_5&#8243; _builder_version=&#8221;4.19.1&#8243; _module_preset=&#8221;default&#8221; max_width=&#8221;100%&#8221; global_colors_info=&#8221;{}&#8221;][et_pb_column type=&#8221;3_5&#8243; _builder_version=&#8221;4.19.1&#8243; _module_preset=&#8221;default&#8221; global_colors_info=&#8221;{}&#8221;][et_pb_text _builder_version=&#8221;4.19.1&#8243; _module_preset=&#8221;default&#8221; text_font_size=&#8221;16px&#8221; header_font=&#8221;|600|||||||&#8221; header_text_color=&#8221;#141414&#8243; header_font_size=&#8221;84px&#8221; header_font_size_tablet=&#8221;84px&#8221; header_font_size_phone=&#8221;55px&#8221; header_font_size_last_edited=&#8221;on|phone&#8221; global_colors_info=&#8221;{}&#8221;]<\/p>\n<div class=\"et_pb_module et_pb_text et_pb_text_1 et_pb_text_align_left et_pb_bg_layout_light\">\n<h1 class=\"et_pb_text_inner\"><span>Mecanitzat de precisi\u00f3<\/span><\/h1>\n<\/div>\n<div class=\"et_pb_module et_pb_text et_pb_text_2 et_pb_text_align_left et_pb_bg_layout_light\">\n<p class=\"et_pb_text_inner\">\u00b7 Mecanitzat de mascles, trepitjadors, bases inferiorsuperior, punxons, plaques porta-matrius.<\/p>\n<p class=\"et_pb_text_inner\">\u00b7 Mecanitzat dels sistemes de guiatge: per columnes, per plaques, per torretes.<\/p>\n<p class=\"et_pb_text_inner\">\u00b7 Mecanitzat dels allotjaments de cilindres de gas, candeles, expulsors, imants, sistemes d&#8217;amarratge, pl\u00e0nols inclinats per a fixaci\u00f3 de torretes.<\/p>\n<p class=\"et_pb_text_inner\">\u00b7 Copiat de superf\u00edcies amb fresadores de bancada fixa CME (amb compensaci\u00f3 de dilatacions del cap\u00e7al) i control num\u00e8ric HEIDENHAIN TNC-426.<\/p>\n<\/div>\n<p>[\/et_pb_text][\/et_pb_column][et_pb_column type=&#8221;2_5&#8243; _builder_version=&#8221;4.19.1&#8243; _module_preset=&#8221;default&#8221; border_radii=&#8221;on|8px|8px|8px|8px&#8221; global_colors_info=&#8221;{}&#8221;][et_pb_contact_form email=&#8221;mecano@mecanopenedes.com&#8221; custom_message=&#8221;Nom:%%Name%%||et_pb_line_break_holder||Email:%%Email%%||et_pb_line_break_holder||Missatge:%%Message%%&#8221; success_message=&#8221;Missatge enviat.&#8221; submit_button_text=&#8221;Enviar&#8221; _builder_version=&#8221;4.19.2&#8243; _module_preset=&#8221;default&#8221; _unique_id=&#8221;c2af3048-77a4-4f42-975c-6fc529720747&#8243; background_color=&#8221;#adadad&#8221; background_image=&#8221;https:\/\/mecanopenedes.com\/wp-content\/uploads\/2022\/12\/metin-ozer-CPXPe80vX8c-unsplash-scaled.jpg&#8221; background_blend=&#8221;screen&#8221; custom_button=&#8221;on&#8221; button_text_color=&#8221;#C61B1B&#8221; button_bg_color=&#8221;#e8e8e8&#8243; button_border_width=&#8221;1px&#8221; button_border_color=&#8221;#000000&#8243; button_border_radius=&#8221;10px&#8221; button_use_icon=&#8221;off&#8221; custom_margin=&#8221;||||false|false&#8221; custom_padding=&#8221;20px|20px|20px|20px|true|true&#8221; custom_css_contact_button=&#8221;width: 80%;&#8221; border_radii=&#8221;on|6px|6px|6px|6px&#8221; box_shadow_style=&#8221;preset1&#8243; global_colors_info=&#8221;{}&#8221; button_text_color__hover=&#8221;#ffffff&#8221; button_text_color__hover_enabled=&#8221;on|hover&#8221; button_bg_color__hover=&#8221;#333333&#8243; button_bg_color__hover_enabled=&#8221;on|desktop&#8221;][et_pb_contact_field field_id=&#8221;Name&#8221; field_title=&#8221;Nom&#8221; _builder_version=&#8221;4.16&#8243; global_colors_info=&#8221;{}&#8221; button_text_size__hover_enabled=&#8221;off&#8221; button_one_text_size__hover_enabled=&#8221;off&#8221; button_two_text_size__hover_enabled=&#8221;off&#8221; button_text_color__hover_enabled=&#8221;off&#8221; button_one_text_color__hover_enabled=&#8221;off&#8221; button_two_text_color__hover_enabled=&#8221;off&#8221; button_border_width__hover_enabled=&#8221;off&#8221; button_one_border_width__hover_enabled=&#8221;off&#8221; button_two_border_width__hover_enabled=&#8221;off&#8221; button_border_color__hover_enabled=&#8221;off&#8221; button_one_border_color__hover_enabled=&#8221;off&#8221; button_two_border_color__hover_enabled=&#8221;off&#8221; button_border_radius__hover_enabled=&#8221;off&#8221; button_one_border_radius__hover_enabled=&#8221;off&#8221; button_two_border_radius__hover_enabled=&#8221;off&#8221; button_letter_spacing__hover_enabled=&#8221;off&#8221; button_one_letter_spacing__hover_enabled=&#8221;off&#8221; button_two_letter_spacing__hover_enabled=&#8221;off&#8221; button_bg_color__hover_enabled=&#8221;off&#8221; button_one_bg_color__hover_enabled=&#8221;off&#8221; button_two_bg_color__hover_enabled=&#8221;off&#8221;][\/et_pb_contact_field][et_pb_contact_field field_id=&#8221;Email&#8221; field_title=&#8221;Adre\u00e7a de correu electr\u00f2nic&#8221; field_type=&#8221;email&#8221; _builder_version=&#8221;4.16&#8243; global_colors_info=&#8221;{}&#8221; button_text_size__hover_enabled=&#8221;off&#8221; button_one_text_size__hover_enabled=&#8221;off&#8221; button_two_text_size__hover_enabled=&#8221;off&#8221; button_text_color__hover_enabled=&#8221;off&#8221; button_one_text_color__hover_enabled=&#8221;off&#8221; button_two_text_color__hover_enabled=&#8221;off&#8221; button_border_width__hover_enabled=&#8221;off&#8221; button_one_border_width__hover_enabled=&#8221;off&#8221; button_two_border_width__hover_enabled=&#8221;off&#8221; button_border_color__hover_enabled=&#8221;off&#8221; button_one_border_color__hover_enabled=&#8221;off&#8221; button_two_border_color__hover_enabled=&#8221;off&#8221; button_border_radius__hover_enabled=&#8221;off&#8221; button_one_border_radius__hover_enabled=&#8221;off&#8221; button_two_border_radius__hover_enabled=&#8221;off&#8221; button_letter_spacing__hover_enabled=&#8221;off&#8221; button_one_letter_spacing__hover_enabled=&#8221;off&#8221; button_two_letter_spacing__hover_enabled=&#8221;off&#8221; button_bg_color__hover_enabled=&#8221;off&#8221; button_one_bg_color__hover_enabled=&#8221;off&#8221; button_two_bg_color__hover_enabled=&#8221;off&#8221;][\/et_pb_contact_field][et_pb_contact_field field_id=&#8221;Message&#8221; field_title=&#8221;Missatge&#8221; field_type=&#8221;text&#8221; fullwidth_field=&#8221;on&#8221; _builder_version=&#8221;4.16&#8243; global_colors_info=&#8221;{}&#8221; button_text_size__hover_enabled=&#8221;off&#8221; button_one_text_size__hover_enabled=&#8221;off&#8221; button_two_text_size__hover_enabled=&#8221;off&#8221; button_text_color__hover_enabled=&#8221;off&#8221; button_one_text_color__hover_enabled=&#8221;off&#8221; button_two_text_color__hover_enabled=&#8221;off&#8221; button_border_width__hover_enabled=&#8221;off&#8221; button_one_border_width__hover_enabled=&#8221;off&#8221; button_two_border_width__hover_enabled=&#8221;off&#8221; button_border_color__hover_enabled=&#8221;off&#8221; button_one_border_color__hover_enabled=&#8221;off&#8221; button_two_border_color__hover_enabled=&#8221;off&#8221; button_border_radius__hover_enabled=&#8221;off&#8221; button_one_border_radius__hover_enabled=&#8221;off&#8221; button_two_border_radius__hover_enabled=&#8221;off&#8221; button_letter_spacing__hover_enabled=&#8221;off&#8221; button_one_letter_spacing__hover_enabled=&#8221;off&#8221; button_two_letter_spacing__hover_enabled=&#8221;off&#8221; button_bg_color__hover_enabled=&#8221;off&#8221; button_one_bg_color__hover_enabled=&#8221;off&#8221; button_two_bg_color__hover_enabled=&#8221;off&#8221;][\/et_pb_contact_field][\/et_pb_contact_form][\/et_pb_column][\/et_pb_row][et_pb_row column_structure=&#8221;3_5,2_5&#8243; _builder_version=&#8221;4.19.2&#8243; _module_preset=&#8221;default&#8221; max_width=&#8221;100%&#8221; global_colors_info=&#8221;{}&#8221;][et_pb_column type=&#8221;3_5&#8243; _builder_version=&#8221;4.19.1&#8243; _module_preset=&#8221;default&#8221; global_colors_info=&#8221;{}&#8221;][et_pb_image src=&#8221;https:\/\/mecanopenedes.com\/wp-content\/uploads\/2023\/09\/aaa.jpg&#8221; title_text=&#8221;aaa&#8221; _builder_version=&#8221;4.21.0&#8243; _module_preset=&#8221;default&#8221; hover_enabled=&#8221;0&#8243; global_colors_info=&#8221;{}&#8221; width=&#8221;90%&#8221; sticky_enabled=&#8221;0&#8243;][\/et_pb_image][\/et_pb_column][et_pb_column type=&#8221;2_5&#8243; _builder_version=&#8221;4.19.2&#8243; _module_preset=&#8221;default&#8221; border_radii=&#8221;on|8px|8px|8px|8px&#8221; global_colors_info=&#8221;{}&#8221;][\/et_pb_column][\/et_pb_row][et_pb_row _builder_version=&#8221;4.19.1&#8243; _module_preset=&#8221;default&#8221; max_width=&#8221;100%&#8221; global_colors_info=&#8221;{}&#8221;][et_pb_column type=&#8221;4_4&#8243; _builder_version=&#8221;4.19.1&#8243; _module_preset=&#8221;default&#8221; global_colors_info=&#8221;{}&#8221;][et_pb_text _builder_version=&#8221;4.19.1&#8243; _module_preset=&#8221;default&#8221; text_font_size=&#8221;16px&#8221; header_font=&#8221;|600|||||||&#8221; header_text_color=&#8221;#141414&#8243; header_font_size=&#8221;84px&#8221; header_font_size_tablet=&#8221;84px&#8221; header_font_size_phone=&#8221;37px&#8221; header_font_size_last_edited=&#8221;on|phone&#8221; global_colors_info=&#8221;{}&#8221;]<\/p>\n<div class=\"et_pb_module et_pb_text et_pb_text_1 et_pb_text_align_left et_pb_bg_layout_light\">\n<h1 class=\"et_pb_text_inner\"><span>Especejament i fabricaci\u00f3<\/span><\/h1>\n<\/div>\n<p>Mecanitzat de bulons limitadors, separadors, perns de transport, topalls, rampes, patidors, topalls magatzem, centradors, etc.<\/p>\n<h1 class=\"et_pb_text_inner\"><span>Programes CAD-CAM<\/span><\/h1>\n<p><span>Programaci\u00f3 CAD-CAM amb els programes: Solid Edge, Auto-Cad 2004, Virtual Gibbs 3D.<\/span><\/p>\n<p>[\/et_pb_text][\/et_pb_column][\/et_pb_row][et_pb_row column_structure=&#8221;2_3,1_3&#8243; _builder_version=&#8221;4.19.1&#8243; _module_preset=&#8221;default&#8221; max_width=&#8221;100%&#8221; global_colors_info=&#8221;{}&#8221;][et_pb_column type=&#8221;2_3&#8243; _builder_version=&#8221;4.19.1&#8243; _module_preset=&#8221;default&#8221; global_colors_info=&#8221;{}&#8221;][et_pb_image src=&#8221;https:\/\/mecanopenedes.com\/wp-content\/uploads\/2023\/09\/www.mecanopenedes.com_.jpg&#8221; title_text=&#8221;www.mecanopenedes.com&#8221; _builder_version=&#8221;4.21.0&#8243; _module_preset=&#8221;default&#8221; width=&#8221;70%&#8221; global_colors_info=&#8221;{}&#8221;][\/et_pb_image][\/et_pb_column][et_pb_column type=&#8221;1_3&#8243; _builder_version=&#8221;4.19.1&#8243; _module_preset=&#8221;default&#8221; global_colors_info=&#8221;{}&#8221;][\/et_pb_column][\/et_pb_row][et_pb_row _builder_version=&#8221;4.19.1&#8243; _module_preset=&#8221;default&#8221; global_colors_info=&#8221;{}&#8221;][et_pb_column type=&#8221;4_4&#8243; _builder_version=&#8221;4.19.1&#8243; _module_preset=&#8221;default&#8221; global_colors_info=&#8221;{}&#8221;][et_pb_image src=&#8221;https:\/\/mecanopenedes.com\/wp-content\/uploads\/2022\/12\/download.png&#8221; title_text=&#8221;download&#8221; url_new_window=&#8221;on&#8221; align=&#8221;center&#8221; _builder_version=&#8221;4.19.2&#8243; _module_preset=&#8221;default&#8221; max_width=&#8221;10%&#8221; max_width_tablet=&#8221;10%&#8221; max_width_phone=&#8221;22%&#8221; max_width_last_edited=&#8221;on|phone&#8221; global_colors_info=&#8221;{}&#8221;][\/et_pb_image][et_pb_text _builder_version=&#8221;4.19.1&#8243; _module_preset=&#8221;default&#8221; text_font_size=&#8221;42px&#8221; header_font=&#8221;|600|||||||&#8221; header_font_size=&#8221;84px&#8221; text_orientation=&#8221;center&#8221; max_width=&#8221;29%&#8221; max_width_tablet=&#8221;29%&#8221; max_width_phone=&#8221;70%&#8221; max_width_last_edited=&#8221;on|phone&#8221; module_alignment=&#8221;center&#8221; custom_padding=&#8221;||10px||false|false&#8221; text_font_size_tablet=&#8221;42px&#8221; text_font_size_phone=&#8221;32px&#8221; text_font_size_last_edited=&#8221;on|phone&#8221; border_color_all=&#8221;#EAB2A1&#8243; border_width_bottom=&#8221;2px&#8221; global_colors_info=&#8221;{}&#8221;]<\/p>\n<p>Fitxa t\u00e8cnica<\/p>\n<p>[\/et_pb_text][\/et_pb_column][\/et_pb_row][\/et_pb_section]<\/p>\n","protected":false},"excerpt":{"rendered":"<p>Mecano Pened\u00e8s Mecanitzaci\u00f3 components matriceria Mecanitzat de precisi\u00f3 \u00b7 Mecanitzat de mascles, trepitjadors, bases inferiorsuperior, punxons, plaques porta-matrius. \u00b7 Mecanitzat dels sistemes de guiatge: per columnes, per plaques, per torretes. \u00b7 Mecanitzat dels allotjaments de cilindres de gas, candeles, expulsors, imants, sistemes d&#8217;amarratge, pl\u00e0nols inclinats per a fixaci\u00f3 de torretes. \u00b7 Copiat de superf\u00edcies amb [&hellip;]<\/p>\n","protected":false},"author":5,"featured_media":0,"parent":368740,"menu_order":0,"comment_status":"closed","ping_status":"closed","template":"","meta":{"_et_pb_use_builder":"on","_et_pb_old_content":"","_et_gb_content_width":"","footnotes":""},"class_list":["post-368775","page","type-page","status-publish","hentry"],"yoast_head":"<!-- This site is optimized with the Yoast SEO plugin v27.5 - https:\/\/yoast.com\/product\/yoast-seo-wordpress\/ -->\n<title>Mecanitzaci\u00f3 components matriceria - Mecano Pened\u00e9s<\/title>\n<meta name=\"robots\" content=\"index, follow, max-snippet:-1, max-image-preview:large, max-video-preview:-1\" \/>\n<link rel=\"canonical\" href=\"https:\/\/mecanopenedes.com\/servicios-y-productos\/mecanizacion-componentes-matriceria\/\" \/>\n<meta property=\"og:locale\" content=\"ca_ES\" \/>\n<meta property=\"og:type\" content=\"article\" \/>\n<meta property=\"og:title\" content=\"Mecanitzaci\u00f3 components matriceria - Mecano Pened\u00e9s\" \/>\n<meta property=\"og:description\" content=\"Mecano Pened\u00e8s Mecanitzaci\u00f3 components matriceria Mecanitzat de precisi\u00f3 \u00b7 Mecanitzat de mascles, trepitjadors, bases inferiorsuperior, punxons, plaques porta-matrius. \u00b7 Mecanitzat dels sistemes de guiatge: per columnes, per plaques, per torretes. \u00b7 Mecanitzat dels allotjaments de cilindres de gas, candeles, expulsors, imants, sistemes d&#039;amarratge, pl\u00e0nols inclinats per a fixaci\u00f3 de torretes. \u00b7 Copiat de superf\u00edcies amb [&hellip;]\" \/>\n<meta property=\"og:url\" content=\"https:\/\/mecanopenedes.com\/servicios-y-productos\/mecanizacion-componentes-matriceria\/\" \/>\n<meta property=\"og:site_name\" content=\"Mecano Pened\u00e9s\" \/>\n<meta property=\"article:modified_time\" content=\"2023-09-18T09:48:26+00:00\" \/>\n<meta name=\"twitter:card\" content=\"summary_large_image\" \/>\n<meta name=\"twitter:label1\" content=\"Temps estimat de lectura\" \/>\n\t<meta name=\"twitter:data1\" content=\"7 minuts\" \/>\n<script type=\"application\/ld+json\" class=\"yoast-schema-graph\">{\"@context\":\"https:\\\/\\\/schema.org\",\"@graph\":[{\"@type\":\"WebPage\",\"@id\":\"https:\\\/\\\/mecanopenedes.com\\\/servicios-y-productos\\\/mecanizacion-componentes-matriceria\\\/\",\"url\":\"https:\\\/\\\/mecanopenedes.com\\\/servicios-y-productos\\\/mecanizacion-componentes-matriceria\\\/\",\"name\":\"Mecanitzaci\u00f3 components matriceria - Mecano Pened\u00e9s\",\"isPartOf\":{\"@id\":\"https:\\\/\\\/mecanopenedes.com\\\/#website\"},\"datePublished\":\"2022-12-01T10:05:16+00:00\",\"dateModified\":\"2023-09-18T09:48:26+00:00\",\"breadcrumb\":{\"@id\":\"https:\\\/\\\/mecanopenedes.com\\\/servicios-y-productos\\\/mecanizacion-componentes-matriceria\\\/#breadcrumb\"},\"inLanguage\":\"ca\",\"potentialAction\":[{\"@type\":\"ReadAction\",\"target\":[\"https:\\\/\\\/mecanopenedes.com\\\/servicios-y-productos\\\/mecanizacion-componentes-matriceria\\\/\"]}]},{\"@type\":\"BreadcrumbList\",\"@id\":\"https:\\\/\\\/mecanopenedes.com\\\/servicios-y-productos\\\/mecanizacion-componentes-matriceria\\\/#breadcrumb\",\"itemListElement\":[{\"@type\":\"ListItem\",\"position\":1,\"name\":\"Portada\",\"item\":\"https:\\\/\\\/mecanopenedes.com\\\/\"},{\"@type\":\"ListItem\",\"position\":2,\"name\":\"Serveis i productes\",\"item\":\"https:\\\/\\\/mecanopenedes.com\\\/servicios-y-productos\\\/\"},{\"@type\":\"ListItem\",\"position\":3,\"name\":\"Mecanitzaci\u00f3 components matriceria\"}]},{\"@type\":\"WebSite\",\"@id\":\"https:\\\/\\\/mecanopenedes.com\\\/#website\",\"url\":\"https:\\\/\\\/mecanopenedes.com\\\/\",\"name\":\"Mecano Pened\u00e9s\",\"description\":\"\",\"publisher\":{\"@id\":\"https:\\\/\\\/mecanopenedes.com\\\/#organization\"},\"potentialAction\":[{\"@type\":\"SearchAction\",\"target\":{\"@type\":\"EntryPoint\",\"urlTemplate\":\"https:\\\/\\\/mecanopenedes.com\\\/?s={search_term_string}\"},\"query-input\":{\"@type\":\"PropertyValueSpecification\",\"valueRequired\":true,\"valueName\":\"search_term_string\"}}],\"inLanguage\":\"ca\"},{\"@type\":\"Organization\",\"@id\":\"https:\\\/\\\/mecanopenedes.com\\\/#organization\",\"name\":\"Mecano Pened\u00e9s\",\"url\":\"https:\\\/\\\/mecanopenedes.com\\\/\",\"logo\":{\"@type\":\"ImageObject\",\"inLanguage\":\"ca\",\"@id\":\"https:\\\/\\\/mecanopenedes.com\\\/#\\\/schema\\\/logo\\\/image\\\/\",\"url\":\"https:\\\/\\\/mecanopenedes.com\\\/wp-content\\\/uploads\\\/2022\\\/11\\\/logo-mecano.jpg\",\"contentUrl\":\"https:\\\/\\\/mecanopenedes.com\\\/wp-content\\\/uploads\\\/2022\\\/11\\\/logo-mecano.jpg\",\"width\":200,\"height\":118,\"caption\":\"Mecano Pened\u00e9s\"},\"image\":{\"@id\":\"https:\\\/\\\/mecanopenedes.com\\\/#\\\/schema\\\/logo\\\/image\\\/\"}}]}<\/script>\n<!-- \/ Yoast SEO plugin. -->","yoast_head_json":{"title":"Mecanitzaci\u00f3 components matriceria - Mecano Pened\u00e9s","robots":{"index":"index","follow":"follow","max-snippet":"max-snippet:-1","max-image-preview":"max-image-preview:large","max-video-preview":"max-video-preview:-1"},"canonical":"https:\/\/mecanopenedes.com\/servicios-y-productos\/mecanizacion-componentes-matriceria\/","og_locale":"ca_ES","og_type":"article","og_title":"Mecanitzaci\u00f3 components matriceria - Mecano Pened\u00e9s","og_description":"Mecano Pened\u00e8s Mecanitzaci\u00f3 components matriceria Mecanitzat de precisi\u00f3 \u00b7 Mecanitzat de mascles, trepitjadors, bases inferiorsuperior, punxons, plaques porta-matrius. \u00b7 Mecanitzat dels sistemes de guiatge: per columnes, per plaques, per torretes. \u00b7 Mecanitzat dels allotjaments de cilindres de gas, candeles, expulsors, imants, sistemes d'amarratge, pl\u00e0nols inclinats per a fixaci\u00f3 de torretes. \u00b7 Copiat de superf\u00edcies amb [&hellip;]","og_url":"https:\/\/mecanopenedes.com\/servicios-y-productos\/mecanizacion-componentes-matriceria\/","og_site_name":"Mecano Pened\u00e9s","article_modified_time":"2023-09-18T09:48:26+00:00","twitter_card":"summary_large_image","twitter_misc":{"Temps estimat de lectura":"7 minuts"},"schema":{"@context":"https:\/\/schema.org","@graph":[{"@type":"WebPage","@id":"https:\/\/mecanopenedes.com\/servicios-y-productos\/mecanizacion-componentes-matriceria\/","url":"https:\/\/mecanopenedes.com\/servicios-y-productos\/mecanizacion-componentes-matriceria\/","name":"Mecanitzaci\u00f3 components matriceria - Mecano Pened\u00e9s","isPartOf":{"@id":"https:\/\/mecanopenedes.com\/#website"},"datePublished":"2022-12-01T10:05:16+00:00","dateModified":"2023-09-18T09:48:26+00:00","breadcrumb":{"@id":"https:\/\/mecanopenedes.com\/servicios-y-productos\/mecanizacion-componentes-matriceria\/#breadcrumb"},"inLanguage":"ca","potentialAction":[{"@type":"ReadAction","target":["https:\/\/mecanopenedes.com\/servicios-y-productos\/mecanizacion-componentes-matriceria\/"]}]},{"@type":"BreadcrumbList","@id":"https:\/\/mecanopenedes.com\/servicios-y-productos\/mecanizacion-componentes-matriceria\/#breadcrumb","itemListElement":[{"@type":"ListItem","position":1,"name":"Portada","item":"https:\/\/mecanopenedes.com\/"},{"@type":"ListItem","position":2,"name":"Serveis i productes","item":"https:\/\/mecanopenedes.com\/servicios-y-productos\/"},{"@type":"ListItem","position":3,"name":"Mecanitzaci\u00f3 components matriceria"}]},{"@type":"WebSite","@id":"https:\/\/mecanopenedes.com\/#website","url":"https:\/\/mecanopenedes.com\/","name":"Mecano Pened\u00e9s","description":"","publisher":{"@id":"https:\/\/mecanopenedes.com\/#organization"},"potentialAction":[{"@type":"SearchAction","target":{"@type":"EntryPoint","urlTemplate":"https:\/\/mecanopenedes.com\/?s={search_term_string}"},"query-input":{"@type":"PropertyValueSpecification","valueRequired":true,"valueName":"search_term_string"}}],"inLanguage":"ca"},{"@type":"Organization","@id":"https:\/\/mecanopenedes.com\/#organization","name":"Mecano Pened\u00e9s","url":"https:\/\/mecanopenedes.com\/","logo":{"@type":"ImageObject","inLanguage":"ca","@id":"https:\/\/mecanopenedes.com\/#\/schema\/logo\/image\/","url":"https:\/\/mecanopenedes.com\/wp-content\/uploads\/2022\/11\/logo-mecano.jpg","contentUrl":"https:\/\/mecanopenedes.com\/wp-content\/uploads\/2022\/11\/logo-mecano.jpg","width":200,"height":118,"caption":"Mecano Pened\u00e9s"},"image":{"@id":"https:\/\/mecanopenedes.com\/#\/schema\/logo\/image\/"}}]}},"_links":{"self":[{"href":"https:\/\/mecanopenedes.com\/ca\/wp-json\/wp\/v2\/pages\/368775","targetHints":{"allow":["GET"]}}],"collection":[{"href":"https:\/\/mecanopenedes.com\/ca\/wp-json\/wp\/v2\/pages"}],"about":[{"href":"https:\/\/mecanopenedes.com\/ca\/wp-json\/wp\/v2\/types\/page"}],"author":[{"embeddable":true,"href":"https:\/\/mecanopenedes.com\/ca\/wp-json\/wp\/v2\/users\/5"}],"replies":[{"embeddable":true,"href":"https:\/\/mecanopenedes.com\/ca\/wp-json\/wp\/v2\/comments?post=368775"}],"version-history":[{"count":18,"href":"https:\/\/mecanopenedes.com\/ca\/wp-json\/wp\/v2\/pages\/368775\/revisions"}],"predecessor-version":[{"id":369251,"href":"https:\/\/mecanopenedes.com\/ca\/wp-json\/wp\/v2\/pages\/368775\/revisions\/369251"}],"up":[{"embeddable":true,"href":"https:\/\/mecanopenedes.com\/ca\/wp-json\/wp\/v2\/pages\/368740"}],"wp:attachment":[{"href":"https:\/\/mecanopenedes.com\/ca\/wp-json\/wp\/v2\/media?parent=368775"}],"curies":[{"name":"wp","href":"https:\/\/api.w.org\/{rel}","templated":true}]}}