{"id":368769,"date":"2022-12-01T10:05:06","date_gmt":"2022-12-01T10:05:06","guid":{"rendered":"https:\/\/mecanopenedes.com\/serveis-i-productes\/cullera-repartiment-alumini\/"},"modified":"2023-03-13T11:16:15","modified_gmt":"2023-03-13T11:16:15","slug":"cullera-repartiment-alumini","status":"publish","type":"page","link":"https:\/\/mecanopenedes.com\/ca\/serveis-i-productes\/cullera-repartiment-alumini\/","title":{"rendered":"Cullera repartiment alumini"},"content":{"rendered":"<p>[et_pb_section fb_built=&#8221;1&#8243; _builder_version=&#8221;4.19.1&#8243; _module_preset=&#8221;default&#8221; background_color=&#8221;#b5b5b5&#8243; background_image=&#8221;https:\/\/mecanopenedes.com\/wp-content\/uploads\/2022\/11\/minku-kang-aCniNTiIFd8-unsplash-scaled.jpg&#8221; background_blend=&#8221;multiply&#8221; min_height=&#8221;400px&#8221; global_colors_info=&#8221;{}&#8221;][et_pb_row _builder_version=&#8221;4.19.1&#8243; _module_preset=&#8221;default&#8221; global_colors_info=&#8221;{}&#8221;][et_pb_column type=&#8221;4_4&#8243; _builder_version=&#8221;4.19.1&#8243; _module_preset=&#8221;default&#8221; global_colors_info=&#8221;{}&#8221;][et_pb_text _builder_version=&#8221;4.19.2&#8243; _module_preset=&#8221;default&#8221; text_text_color=&#8221;#EAB2A1&#8243; text_font_size=&#8221;28px&#8221; text_line_height=&#8221;1.8em&#8221; header_font=&#8221;|600|||||||&#8221; header_text_color=&#8221;#e5e5e5&#8243; header_font_size=&#8221;91px&#8221; text_orientation=&#8221;center&#8221; header_font_size_tablet=&#8221;91px&#8221; header_font_size_phone=&#8221;46px&#8221; header_font_size_last_edited=&#8221;on|phone&#8221; global_colors_info=&#8221;{}&#8221;]<\/p>\n<p>Mecano Pened\u00e8s<\/p>\n<h1>Cullera repartiment alumini<\/h1>\n<p>[\/et_pb_text][\/et_pb_column][\/et_pb_row][\/et_pb_section][et_pb_section fb_built=&#8221;1&#8243; _builder_version=&#8221;4.19.1&#8243; _module_preset=&#8221;default&#8221; global_colors_info=&#8221;{}&#8221;][et_pb_row column_structure=&#8221;3_5,2_5&#8243; _builder_version=&#8221;4.19.1&#8243; _module_preset=&#8221;default&#8221; max_width=&#8221;100%&#8221; global_colors_info=&#8221;{}&#8221;][et_pb_column type=&#8221;3_5&#8243; _builder_version=&#8221;4.19.1&#8243; _module_preset=&#8221;default&#8221; global_colors_info=&#8221;{}&#8221;][et_pb_text _builder_version=&#8221;4.19.1&#8243; _module_preset=&#8221;default&#8221; text_font_size=&#8221;16px&#8221; header_font=&#8221;|600|||||||&#8221; header_text_color=&#8221;#141414&#8243; header_font_size=&#8221;84px&#8221; header_font_size_tablet=&#8221;84px&#8221; header_font_size_phone=&#8221;55px&#8221; header_font_size_last_edited=&#8221;on|phone&#8221; global_colors_info=&#8221;{}&#8221;]<\/p>\n<div class=\"et_pb_module et_pb_text et_pb_text_1 et_pb_text_align_left et_pb_bg_layout_light\">\n<h1 class=\"et_pb_text_inner\">Avantatges<\/h1>\n<\/div>\n<div class=\"et_pb_module et_pb_text et_pb_text_2 et_pb_text_align_left et_pb_bg_layout_light\">\n<p class=\"et_pb_text_inner\">Dissenyada per treballar acoblada a un carret\u00f3 elevador.<\/p>\n<p class=\"et_pb_text_inner\">\u25aa El punt de desc\u00e0rrega roman invariable en qualsevol posici\u00f3 de la cullera.<br \/>\u25aa Tancament estanc per tapa basculant.<br \/>\u25aa Cullera totalment a\u00efllada, no necessita calor exterior per mantenir la temperatura.<br \/>\u25aa Enganxament f\u00e0cil de la cullera amb el carret\u00f3 mitjan\u00e7ant connectors hidr\u00e0ulics r\u00e0pids inintercanviables.<br \/>\u25aa Un sol distribu\u00efdor hidr\u00e0ulic per a basculaci\u00f3 cullera i tancament tub de desc\u00e0rrega<\/p>\n<\/div>\n<p>[\/et_pb_text][\/et_pb_column][et_pb_column type=&#8221;2_5&#8243; _builder_version=&#8221;4.19.1&#8243; _module_preset=&#8221;default&#8221; border_radii=&#8221;on|8px|8px|8px|8px&#8221; global_colors_info=&#8221;{}&#8221;][et_pb_contact_form email=&#8221;mecano@mecanopenedes.com&#8221; custom_message=&#8221;Nom:%%Name%%||et_pb_line_break_holder||Email:%%Email%%||et_pb_line_break_holder||Missatge:%%Message%%&#8221; success_message=&#8221;Missatge enviat.&#8221; submit_button_text=&#8221;Enviar&#8221; _builder_version=&#8221;4.19.2&#8243; _module_preset=&#8221;default&#8221; _unique_id=&#8221;c2af3048-77a4-4f42-975c-6fc529720747&#8243; background_color=&#8221;#adadad&#8221; background_image=&#8221;https:\/\/mecanopenedes.com\/wp-content\/uploads\/2022\/12\/metin-ozer-CPXPe80vX8c-unsplash-scaled.jpg&#8221; background_blend=&#8221;screen&#8221; custom_button=&#8221;on&#8221; button_text_color=&#8221;#C61B1B&#8221; button_bg_color=&#8221;#e8e8e8&#8243; button_border_width=&#8221;1px&#8221; button_border_color=&#8221;#000000&#8243; button_border_radius=&#8221;10px&#8221; button_use_icon=&#8221;off&#8221; custom_margin=&#8221;||||false|false&#8221; custom_padding=&#8221;20px|20px|20px|20px|true|true&#8221; custom_css_contact_button=&#8221;width: 80%;&#8221; border_radii=&#8221;on|6px|6px|6px|6px&#8221; box_shadow_style=&#8221;preset1&#8243; global_colors_info=&#8221;{}&#8221; button_text_color__hover=&#8221;#ffffff&#8221; button_text_color__hover_enabled=&#8221;on|hover&#8221; button_bg_color__hover=&#8221;#333333&#8243; button_bg_color__hover_enabled=&#8221;on|desktop&#8221;][et_pb_contact_field field_id=&#8221;Name&#8221; field_title=&#8221;Nom&#8221; _builder_version=&#8221;4.19.1&#8243; border_radii=&#8221;on|5px|5px|5px|5px&#8221; global_colors_info=&#8221;{}&#8221; button_text_size__hover_enabled=&#8221;off&#8221; button_one_text_size__hover_enabled=&#8221;off&#8221; button_two_text_size__hover_enabled=&#8221;off&#8221; button_text_color__hover_enabled=&#8221;off&#8221; button_one_text_color__hover_enabled=&#8221;off&#8221; button_two_text_color__hover_enabled=&#8221;off&#8221; button_border_width__hover_enabled=&#8221;off&#8221; button_one_border_width__hover_enabled=&#8221;off&#8221; button_two_border_width__hover_enabled=&#8221;off&#8221; button_border_color__hover_enabled=&#8221;off&#8221; button_one_border_color__hover_enabled=&#8221;off&#8221; button_two_border_color__hover_enabled=&#8221;off&#8221; button_border_radius__hover_enabled=&#8221;off&#8221; button_one_border_radius__hover_enabled=&#8221;off&#8221; button_two_border_radius__hover_enabled=&#8221;off&#8221; button_letter_spacing__hover_enabled=&#8221;off&#8221; button_one_letter_spacing__hover_enabled=&#8221;off&#8221; button_two_letter_spacing__hover_enabled=&#8221;off&#8221; button_bg_color__hover_enabled=&#8221;off&#8221; button_one_bg_color__hover_enabled=&#8221;off&#8221; button_two_bg_color__hover_enabled=&#8221;off&#8221;][\/et_pb_contact_field][et_pb_contact_field field_id=&#8221;Email&#8221; field_title=&#8221;Adre\u00e7a de correu electr\u00f2nic&#8221; field_type=&#8221;email&#8221; _builder_version=&#8221;4.19.1&#8243; border_radii=&#8221;on|5px|5px|5px|5px&#8221; global_colors_info=&#8221;{}&#8221; button_text_size__hover_enabled=&#8221;off&#8221; button_one_text_size__hover_enabled=&#8221;off&#8221; button_two_text_size__hover_enabled=&#8221;off&#8221; button_text_color__hover_enabled=&#8221;off&#8221; button_one_text_color__hover_enabled=&#8221;off&#8221; button_two_text_color__hover_enabled=&#8221;off&#8221; button_border_width__hover_enabled=&#8221;off&#8221; button_one_border_width__hover_enabled=&#8221;off&#8221; button_two_border_width__hover_enabled=&#8221;off&#8221; button_border_color__hover_enabled=&#8221;off&#8221; button_one_border_color__hover_enabled=&#8221;off&#8221; button_two_border_color__hover_enabled=&#8221;off&#8221; button_border_radius__hover_enabled=&#8221;off&#8221; button_one_border_radius__hover_enabled=&#8221;off&#8221; button_two_border_radius__hover_enabled=&#8221;off&#8221; button_letter_spacing__hover_enabled=&#8221;off&#8221; button_one_letter_spacing__hover_enabled=&#8221;off&#8221; button_two_letter_spacing__hover_enabled=&#8221;off&#8221; button_bg_color__hover_enabled=&#8221;off&#8221; button_one_bg_color__hover_enabled=&#8221;off&#8221; button_two_bg_color__hover_enabled=&#8221;off&#8221;][\/et_pb_contact_field][et_pb_contact_field field_id=&#8221;Message&#8221; field_title=&#8221;Missatge&#8221; field_type=&#8221;text&#8221; fullwidth_field=&#8221;on&#8221; _builder_version=&#8221;4.19.1&#8243; border_radii=&#8221;on|5px|5px|5px|5px&#8221; global_colors_info=&#8221;{}&#8221; button_text_size__hover_enabled=&#8221;off&#8221; button_one_text_size__hover_enabled=&#8221;off&#8221; button_two_text_size__hover_enabled=&#8221;off&#8221; button_text_color__hover_enabled=&#8221;off&#8221; button_one_text_color__hover_enabled=&#8221;off&#8221; button_two_text_color__hover_enabled=&#8221;off&#8221; button_border_width__hover_enabled=&#8221;off&#8221; button_one_border_width__hover_enabled=&#8221;off&#8221; button_two_border_width__hover_enabled=&#8221;off&#8221; button_border_color__hover_enabled=&#8221;off&#8221; button_one_border_color__hover_enabled=&#8221;off&#8221; button_two_border_color__hover_enabled=&#8221;off&#8221; button_border_radius__hover_enabled=&#8221;off&#8221; button_one_border_radius__hover_enabled=&#8221;off&#8221; button_two_border_radius__hover_enabled=&#8221;off&#8221; button_letter_spacing__hover_enabled=&#8221;off&#8221; button_one_letter_spacing__hover_enabled=&#8221;off&#8221; button_two_letter_spacing__hover_enabled=&#8221;off&#8221; button_bg_color__hover_enabled=&#8221;off&#8221; button_one_bg_color__hover_enabled=&#8221;off&#8221; button_two_bg_color__hover_enabled=&#8221;off&#8221;][\/et_pb_contact_field][\/et_pb_contact_form][\/et_pb_column][\/et_pb_row][et_pb_row column_structure=&#8221;3_5,2_5&#8243; _builder_version=&#8221;4.19.2&#8243; _module_preset=&#8221;default&#8221; max_width=&#8221;100%&#8221; global_colors_info=&#8221;{}&#8221;][et_pb_column type=&#8221;3_5&#8243; _builder_version=&#8221;4.19.1&#8243; _module_preset=&#8221;default&#8221; global_colors_info=&#8221;{}&#8221;][et_pb_image src=&#8221;https:\/\/mecanopenedes.com\/wp-content\/uploads\/2022\/12\/Cuchara-reparto-aluminio.png&#8221; title_text=&#8221;Cullera repartiment alumini&#8221; _builder_version=&#8221;4.19.1&#8243; _module_preset=&#8221;default&#8221; global_colors_info=&#8221;{}&#8221;][\/et_pb_image][\/et_pb_column][et_pb_column type=&#8221;2_5&#8243; _builder_version=&#8221;4.19.2&#8243; _module_preset=&#8221;default&#8221; border_radii=&#8221;on|8px|8px|8px|8px&#8221; global_colors_info=&#8221;{}&#8221;][\/et_pb_column][\/et_pb_row][et_pb_row _builder_version=&#8221;4.19.1&#8243; _module_preset=&#8221;default&#8221; max_width=&#8221;100%&#8221; global_colors_info=&#8221;{}&#8221;][et_pb_column type=&#8221;4_4&#8243; _builder_version=&#8221;4.19.1&#8243; _module_preset=&#8221;default&#8221; global_colors_info=&#8221;{}&#8221;][et_pb_text _builder_version=&#8221;4.19.1&#8243; _module_preset=&#8221;default&#8221; text_font_size=&#8221;16px&#8221; header_font=&#8221;|600|||||||&#8221; header_text_color=&#8221;#141414&#8243; header_font_size=&#8221;84px&#8221; header_font_size_tablet=&#8221;84px&#8221; header_font_size_phone=&#8221;37px&#8221; header_font_size_last_edited=&#8221;on|phone&#8221; global_colors_info=&#8221;{}&#8221;]<\/p>\n<div class=\"et_pb_module et_pb_text et_pb_text_1 et_pb_text_align_left et_pb_bg_layout_light\">\n<h1 class=\"et_pb_text_inner\">Seguretat<\/h1>\n<\/div>\n<p>\u25aa Tancament hidr\u00e0ulic del tub de desc\u00e0rrega per evitar vessament de material durant el transport.<br \/>\u25aa Doble cilindre hidr\u00e0ulic amb v\u00e0lvules reguladores de cabal per ajustar la velocitat d&#8217;accionament.<br \/>\u25aa V\u00e0lvules de bloqueig per eliminar descensos bruscs de la cullera.<br \/>\u25aa Xass\u00eds amb ancoratges de seguretat al carret\u00f3.<\/p>\n<p>[\/et_pb_text][\/et_pb_column][\/et_pb_row][et_pb_row column_structure=&#8221;2_3,1_3&#8243; _builder_version=&#8221;4.19.1&#8243; _module_preset=&#8221;default&#8221; max_width=&#8221;100%&#8221; global_colors_info=&#8221;{}&#8221;][et_pb_column type=&#8221;2_3&#8243; _builder_version=&#8221;4.19.1&#8243; _module_preset=&#8221;default&#8221; global_colors_info=&#8221;{}&#8221;][et_pb_image src=&#8221;https:\/\/mecanopenedes.com\/wp-content\/uploads\/2022\/12\/Cuchara-reparto-aluminio1.png&#8221; title_text=&#8221;Cullera repartiment alumini1&#8243; _builder_version=&#8221;4.19.1&#8243; _module_preset=&#8221;default&#8221; global_colors_info=&#8221;{}&#8221;][\/et_pb_image][\/et_pb_column][et_pb_column type=&#8221;1_3&#8243; _builder_version=&#8221;4.19.1&#8243; _module_preset=&#8221;default&#8221; global_colors_info=&#8221;{}&#8221;][\/et_pb_column][\/et_pb_row][et_pb_row custom_padding_last_edited=&#8221;on|phone&#8221; _builder_version=&#8221;4.19.2&#8243; _module_preset=&#8221;default&#8221; custom_padding_tablet=&#8221;&#8221; custom_padding_phone=&#8221;0px||||false|false&#8221; hover_enabled=&#8221;0&#8243; global_colors_info=&#8221;{}&#8221; link_option_url_new_window=&#8221;on&#8221; link_option_url=&#8221;https:\/\/mecanopenedes.com\/wp-content\/uploads\/2022\/12\/3.2Cuchara-reparto-aluminio1.pdf&#8221; sticky_enabled=&#8221;0&#8243;][et_pb_column type=&#8221;4_4&#8243; _builder_version=&#8221;4.19.1&#8243; _module_preset=&#8221;default&#8221; global_colors_info=&#8221;{}&#8221;][et_pb_image src=&#8221;https:\/\/mecanopenedes.com\/wp-content\/uploads\/2022\/12\/download.png&#8221; title_text=&#8221;download&#8221; url_new_window=&#8221;on&#8221; align=&#8221;center&#8221; _builder_version=&#8221;4.19.2&#8243; _module_preset=&#8221;default&#8221; max_width=&#8221;10%&#8221; max_width_tablet=&#8221;10%&#8221; max_width_phone=&#8221;22%&#8221; max_width_last_edited=&#8221;on|phone&#8221; hover_enabled=&#8221;0&#8243; global_colors_info=&#8221;{}&#8221; sticky_enabled=&#8221;0&#8243;][\/et_pb_image][et_pb_text _builder_version=&#8221;4.19.1&#8243; _module_preset=&#8221;default&#8221; text_font_size=&#8221;42px&#8221; header_font=&#8221;|600|||||||&#8221; header_font_size=&#8221;84px&#8221; text_orientation=&#8221;center&#8221; max_width=&#8221;29%&#8221; max_width_tablet=&#8221;29%&#8221; max_width_phone=&#8221;70%&#8221; max_width_last_edited=&#8221;on|phone&#8221; module_alignment=&#8221;center&#8221; custom_padding=&#8221;||10px||false|false&#8221; text_font_size_tablet=&#8221;42px&#8221; text_font_size_phone=&#8221;32px&#8221; text_font_size_last_edited=&#8221;on|phone&#8221; border_color_all=&#8221;#EAB2A1&#8243; border_width_bottom=&#8221;2px&#8221; global_colors_info=&#8221;{}&#8221;]<\/p>\n<p>Fitxa t\u00e8cnica<\/p>\n<p>[\/et_pb_text][\/et_pb_column][\/et_pb_row][\/et_pb_section]<\/p>\n","protected":false},"excerpt":{"rendered":"<p>Mecano Pened\u00e8s Cullera repartiment alumini Avantatges Dissenyada per treballar acoblada a un carret\u00f3 elevador. \u25aa El punt de desc\u00e0rrega roman invariable en qualsevol posici\u00f3 de la cullera.\u25aa Tancament estanc per tapa basculant.\u25aa Cullera totalment a\u00efllada, no necessita calor exterior per mantenir la temperatura.\u25aa Enganxament f\u00e0cil de la cullera amb el carret\u00f3 mitjan\u00e7ant connectors hidr\u00e0ulics r\u00e0pids [&hellip;]<\/p>\n","protected":false},"author":5,"featured_media":0,"parent":368740,"menu_order":0,"comment_status":"closed","ping_status":"closed","template":"","meta":{"_et_pb_use_builder":"on","_et_pb_old_content":"","_et_gb_content_width":"","footnotes":""},"class_list":["post-368769","page","type-page","status-publish","hentry"],"yoast_head":"<!-- This site is optimized with the Yoast SEO plugin v27.5 - https:\/\/yoast.com\/product\/yoast-seo-wordpress\/ -->\n<title>Cullera repartiment alumini - Mecano Pened\u00e9s<\/title>\n<meta name=\"robots\" content=\"index, follow, max-snippet:-1, max-image-preview:large, max-video-preview:-1\" \/>\n<link rel=\"canonical\" href=\"https:\/\/mecanopenedes.com\/servicios-y-productos\/cuchara-reparto-aluminio\/\" \/>\n<meta property=\"og:locale\" content=\"ca_ES\" \/>\n<meta property=\"og:type\" content=\"article\" \/>\n<meta property=\"og:title\" content=\"Cullera repartiment alumini - Mecano Pened\u00e9s\" \/>\n<meta property=\"og:description\" content=\"Mecano Pened\u00e8s Cullera repartiment alumini Avantatges Dissenyada per treballar acoblada a un carret\u00f3 elevador. \u25aa El punt de desc\u00e0rrega roman invariable en qualsevol posici\u00f3 de la cullera.\u25aa Tancament estanc per tapa basculant.\u25aa Cullera totalment a\u00efllada, no necessita calor exterior per mantenir la temperatura.\u25aa Enganxament f\u00e0cil de la cullera amb el carret\u00f3 mitjan\u00e7ant connectors hidr\u00e0ulics r\u00e0pids [&hellip;]\" \/>\n<meta property=\"og:url\" content=\"https:\/\/mecanopenedes.com\/servicios-y-productos\/cuchara-reparto-aluminio\/\" \/>\n<meta property=\"og:site_name\" content=\"Mecano Pened\u00e9s\" \/>\n<meta property=\"article:modified_time\" content=\"2023-03-13T11:16:15+00:00\" \/>\n<meta name=\"twitter:card\" content=\"summary_large_image\" \/>\n<meta name=\"twitter:label1\" content=\"Temps estimat de lectura\" \/>\n\t<meta name=\"twitter:data1\" content=\"7 minuts\" \/>\n<script type=\"application\/ld+json\" class=\"yoast-schema-graph\">{\"@context\":\"https:\\\/\\\/schema.org\",\"@graph\":[{\"@type\":\"WebPage\",\"@id\":\"https:\\\/\\\/mecanopenedes.com\\\/servicios-y-productos\\\/cuchara-reparto-aluminio\\\/\",\"url\":\"https:\\\/\\\/mecanopenedes.com\\\/servicios-y-productos\\\/cuchara-reparto-aluminio\\\/\",\"name\":\"Cullera repartiment alumini - Mecano Pened\u00e9s\",\"isPartOf\":{\"@id\":\"https:\\\/\\\/mecanopenedes.com\\\/#website\"},\"datePublished\":\"2022-12-01T10:05:06+00:00\",\"dateModified\":\"2023-03-13T11:16:15+00:00\",\"breadcrumb\":{\"@id\":\"https:\\\/\\\/mecanopenedes.com\\\/servicios-y-productos\\\/cuchara-reparto-aluminio\\\/#breadcrumb\"},\"inLanguage\":\"ca\",\"potentialAction\":[{\"@type\":\"ReadAction\",\"target\":[\"https:\\\/\\\/mecanopenedes.com\\\/servicios-y-productos\\\/cuchara-reparto-aluminio\\\/\"]}]},{\"@type\":\"BreadcrumbList\",\"@id\":\"https:\\\/\\\/mecanopenedes.com\\\/servicios-y-productos\\\/cuchara-reparto-aluminio\\\/#breadcrumb\",\"itemListElement\":[{\"@type\":\"ListItem\",\"position\":1,\"name\":\"Portada\",\"item\":\"https:\\\/\\\/mecanopenedes.com\\\/\"},{\"@type\":\"ListItem\",\"position\":2,\"name\":\"Serveis i productes\",\"item\":\"https:\\\/\\\/mecanopenedes.com\\\/servicios-y-productos\\\/\"},{\"@type\":\"ListItem\",\"position\":3,\"name\":\"Cullera repartiment alumini\"}]},{\"@type\":\"WebSite\",\"@id\":\"https:\\\/\\\/mecanopenedes.com\\\/#website\",\"url\":\"https:\\\/\\\/mecanopenedes.com\\\/\",\"name\":\"Mecano Pened\u00e9s\",\"description\":\"\",\"publisher\":{\"@id\":\"https:\\\/\\\/mecanopenedes.com\\\/#organization\"},\"potentialAction\":[{\"@type\":\"SearchAction\",\"target\":{\"@type\":\"EntryPoint\",\"urlTemplate\":\"https:\\\/\\\/mecanopenedes.com\\\/?s={search_term_string}\"},\"query-input\":{\"@type\":\"PropertyValueSpecification\",\"valueRequired\":true,\"valueName\":\"search_term_string\"}}],\"inLanguage\":\"ca\"},{\"@type\":\"Organization\",\"@id\":\"https:\\\/\\\/mecanopenedes.com\\\/#organization\",\"name\":\"Mecano Pened\u00e9s\",\"url\":\"https:\\\/\\\/mecanopenedes.com\\\/\",\"logo\":{\"@type\":\"ImageObject\",\"inLanguage\":\"ca\",\"@id\":\"https:\\\/\\\/mecanopenedes.com\\\/#\\\/schema\\\/logo\\\/image\\\/\",\"url\":\"https:\\\/\\\/mecanopenedes.com\\\/wp-content\\\/uploads\\\/2022\\\/11\\\/logo-mecano.jpg\",\"contentUrl\":\"https:\\\/\\\/mecanopenedes.com\\\/wp-content\\\/uploads\\\/2022\\\/11\\\/logo-mecano.jpg\",\"width\":200,\"height\":118,\"caption\":\"Mecano Pened\u00e9s\"},\"image\":{\"@id\":\"https:\\\/\\\/mecanopenedes.com\\\/#\\\/schema\\\/logo\\\/image\\\/\"}}]}<\/script>\n<!-- \/ Yoast SEO plugin. -->","yoast_head_json":{"title":"Cullera repartiment alumini - Mecano Pened\u00e9s","robots":{"index":"index","follow":"follow","max-snippet":"max-snippet:-1","max-image-preview":"max-image-preview:large","max-video-preview":"max-video-preview:-1"},"canonical":"https:\/\/mecanopenedes.com\/servicios-y-productos\/cuchara-reparto-aluminio\/","og_locale":"ca_ES","og_type":"article","og_title":"Cullera repartiment alumini - Mecano Pened\u00e9s","og_description":"Mecano Pened\u00e8s Cullera repartiment alumini Avantatges Dissenyada per treballar acoblada a un carret\u00f3 elevador. \u25aa El punt de desc\u00e0rrega roman invariable en qualsevol posici\u00f3 de la cullera.\u25aa Tancament estanc per tapa basculant.\u25aa Cullera totalment a\u00efllada, no necessita calor exterior per mantenir la temperatura.\u25aa Enganxament f\u00e0cil de la cullera amb el carret\u00f3 mitjan\u00e7ant connectors hidr\u00e0ulics r\u00e0pids [&hellip;]","og_url":"https:\/\/mecanopenedes.com\/servicios-y-productos\/cuchara-reparto-aluminio\/","og_site_name":"Mecano Pened\u00e9s","article_modified_time":"2023-03-13T11:16:15+00:00","twitter_card":"summary_large_image","twitter_misc":{"Temps estimat de lectura":"7 minuts"},"schema":{"@context":"https:\/\/schema.org","@graph":[{"@type":"WebPage","@id":"https:\/\/mecanopenedes.com\/servicios-y-productos\/cuchara-reparto-aluminio\/","url":"https:\/\/mecanopenedes.com\/servicios-y-productos\/cuchara-reparto-aluminio\/","name":"Cullera repartiment alumini - Mecano Pened\u00e9s","isPartOf":{"@id":"https:\/\/mecanopenedes.com\/#website"},"datePublished":"2022-12-01T10:05:06+00:00","dateModified":"2023-03-13T11:16:15+00:00","breadcrumb":{"@id":"https:\/\/mecanopenedes.com\/servicios-y-productos\/cuchara-reparto-aluminio\/#breadcrumb"},"inLanguage":"ca","potentialAction":[{"@type":"ReadAction","target":["https:\/\/mecanopenedes.com\/servicios-y-productos\/cuchara-reparto-aluminio\/"]}]},{"@type":"BreadcrumbList","@id":"https:\/\/mecanopenedes.com\/servicios-y-productos\/cuchara-reparto-aluminio\/#breadcrumb","itemListElement":[{"@type":"ListItem","position":1,"name":"Portada","item":"https:\/\/mecanopenedes.com\/"},{"@type":"ListItem","position":2,"name":"Serveis i productes","item":"https:\/\/mecanopenedes.com\/servicios-y-productos\/"},{"@type":"ListItem","position":3,"name":"Cullera repartiment alumini"}]},{"@type":"WebSite","@id":"https:\/\/mecanopenedes.com\/#website","url":"https:\/\/mecanopenedes.com\/","name":"Mecano Pened\u00e9s","description":"","publisher":{"@id":"https:\/\/mecanopenedes.com\/#organization"},"potentialAction":[{"@type":"SearchAction","target":{"@type":"EntryPoint","urlTemplate":"https:\/\/mecanopenedes.com\/?s={search_term_string}"},"query-input":{"@type":"PropertyValueSpecification","valueRequired":true,"valueName":"search_term_string"}}],"inLanguage":"ca"},{"@type":"Organization","@id":"https:\/\/mecanopenedes.com\/#organization","name":"Mecano Pened\u00e9s","url":"https:\/\/mecanopenedes.com\/","logo":{"@type":"ImageObject","inLanguage":"ca","@id":"https:\/\/mecanopenedes.com\/#\/schema\/logo\/image\/","url":"https:\/\/mecanopenedes.com\/wp-content\/uploads\/2022\/11\/logo-mecano.jpg","contentUrl":"https:\/\/mecanopenedes.com\/wp-content\/uploads\/2022\/11\/logo-mecano.jpg","width":200,"height":118,"caption":"Mecano Pened\u00e9s"},"image":{"@id":"https:\/\/mecanopenedes.com\/#\/schema\/logo\/image\/"}}]}},"_links":{"self":[{"href":"https:\/\/mecanopenedes.com\/ca\/wp-json\/wp\/v2\/pages\/368769","targetHints":{"allow":["GET"]}}],"collection":[{"href":"https:\/\/mecanopenedes.com\/ca\/wp-json\/wp\/v2\/pages"}],"about":[{"href":"https:\/\/mecanopenedes.com\/ca\/wp-json\/wp\/v2\/types\/page"}],"author":[{"embeddable":true,"href":"https:\/\/mecanopenedes.com\/ca\/wp-json\/wp\/v2\/users\/5"}],"replies":[{"embeddable":true,"href":"https:\/\/mecanopenedes.com\/ca\/wp-json\/wp\/v2\/comments?post=368769"}],"version-history":[{"count":12,"href":"https:\/\/mecanopenedes.com\/ca\/wp-json\/wp\/v2\/pages\/368769\/revisions"}],"predecessor-version":[{"id":368894,"href":"https:\/\/mecanopenedes.com\/ca\/wp-json\/wp\/v2\/pages\/368769\/revisions\/368894"}],"up":[{"embeddable":true,"href":"https:\/\/mecanopenedes.com\/ca\/wp-json\/wp\/v2\/pages\/368740"}],"wp:attachment":[{"href":"https:\/\/mecanopenedes.com\/ca\/wp-json\/wp\/v2\/media?parent=368769"}],"curies":[{"name":"wp","href":"https:\/\/api.w.org\/{rel}","templated":true}]}}