{"id":368763,"date":"2022-12-01T10:04:53","date_gmt":"2022-12-01T10:04:53","guid":{"rendered":"https:\/\/mecanopenedes.com\/serveis-i-productes\/manteniment-i-recondicionament\/"},"modified":"2023-09-18T09:14:24","modified_gmt":"2023-09-18T09:14:24","slug":"manteniment-i-recondicionament","status":"publish","type":"page","link":"https:\/\/mecanopenedes.com\/ca\/serveis-i-productes\/manteniment-i-recondicionament\/","title":{"rendered":"Manteniment i recondicionament"},"content":{"rendered":"<p>[et_pb_section fb_built=&#8221;1&#8243; _builder_version=&#8221;4.21.0&#8243; _module_preset=&#8221;default&#8221; background_color=&#8221;rgba(0,0,0,0.52)&#8221; background_image=&#8221;https:\/\/mecanopenedes.com\/wp-content\/uploads\/2023\/09\/xsbNoycg.jpeg&#8221; background_blend=&#8221;multiply&#8221; min_height=&#8221;400px&#8221; hover_enabled=&#8221;0&#8243; global_colors_info=&#8221;{}&#8221; title_text=&#8221;xsbNoycg&#8221; sticky_enabled=&#8221;0&#8243;][et_pb_row _builder_version=&#8221;4.19.1&#8243; _module_preset=&#8221;default&#8221; global_colors_info=&#8221;{}&#8221;][et_pb_column type=&#8221;4_4&#8243; _builder_version=&#8221;4.19.1&#8243; _module_preset=&#8221;default&#8221; global_colors_info=&#8221;{}&#8221;][et_pb_text _builder_version=&#8221;4.19.2&#8243; _module_preset=&#8221;default&#8221; text_text_color=&#8221;#EAB2A1&#8243; text_font_size=&#8221;28px&#8221; text_line_height=&#8221;1.8em&#8221; header_font=&#8221;|600|||||||&#8221; header_text_color=&#8221;#e5e5e5&#8243; header_font_size=&#8221;91px&#8221; text_orientation=&#8221;center&#8221; text_font_size_tablet=&#8221;28px&#8221; text_font_size_phone=&#8221;23px&#8221; text_font_size_last_edited=&#8221;on|phone&#8221; header_font_size_tablet=&#8221;91px&#8221; header_font_size_phone=&#8221;38px&#8221; header_font_size_last_edited=&#8221;on|phone&#8221; global_colors_info=&#8221;{}&#8221; text_font_size__hover_enabled=&#8221;off|desktop&#8221;]<\/p>\n<p>Mecano Pened\u00e8s<\/p>\n<h1>Manteniment i recondicionament<\/h1>\n<p>[\/et_pb_text][\/et_pb_column][\/et_pb_row][\/et_pb_section][et_pb_section fb_built=&#8221;1&#8243; _builder_version=&#8221;4.19.1&#8243; _module_preset=&#8221;default&#8221; global_colors_info=&#8221;{}&#8221;][et_pb_row column_structure=&#8221;3_5,2_5&#8243; _builder_version=&#8221;4.19.1&#8243; _module_preset=&#8221;default&#8221; max_width=&#8221;100%&#8221; global_colors_info=&#8221;{}&#8221;][et_pb_column type=&#8221;3_5&#8243; _builder_version=&#8221;4.19.1&#8243; _module_preset=&#8221;default&#8221; global_colors_info=&#8221;{}&#8221;][et_pb_text _builder_version=&#8221;4.19.2&#8243; _module_preset=&#8221;default&#8221; text_font_size=&#8221;16px&#8221; header_font=&#8221;|600|||||||&#8221; header_text_color=&#8221;#141414&#8243; header_font_size=&#8221;84px&#8221; text_orientation=&#8221;justified&#8221; header_font_size_tablet=&#8221;84px&#8221; header_font_size_phone=&#8221;55px&#8221; header_font_size_last_edited=&#8221;on|phone&#8221; global_colors_info=&#8221;{}&#8221;]<\/p>\n<div class=\"et_pb_module et_pb_text et_pb_text_1 et_pb_text_align_left et_pb_bg_layout_light\">\n<h1 class=\"et_pb_text_inner\">Manteniment industrial<\/h1>\n<\/div>\n<div class=\"et_pb_module et_pb_text et_pb_text_2 et_pb_text_align_left et_pb_bg_layout_light\">\n<p class=\"et_pb_text_inner\">MP disposa de professionals i mitjans adequats per efectuar les tasques de manteniment de m\u00e0quines i instal\u00b7lacions industrials, en molt variats sectors industrials; sent la fiabilitat la nostra principal premissa<\/p>\n<p class=\"et_pb_text_inner\">\u00b7 Fabricaci\u00f3 de recanvis segons mostra o millora del disseny, (dimensions, material, lubricaci\u00f3) en mil\u00b7l\u00edmetres i en polzades. Disposem de gran quantitat d&#8217;estoc de materials a la barra per a la r\u00e0pida fabricaci\u00f3 de les peces urgents, minimitzant les aturades de les l\u00ednies de producci\u00f3.<\/p>\n<p class=\"et_pb_text_inner\">\u00b7 Reparaci\u00f3 de peces per soldadura i rec\u00e0rregues. (Soldadura d&#8217;acer, acer inoxidable (TIG), alumini i bronze). \u00b7 Subministrament de tot tipus de components industrials, unificant en un sol prove\u00efdor els costos de manteniment. (Rodaments, coixinets de fricci\u00f3, motors i reductors, hidr\u00e0ulica, pneum\u00e0tica, transmissions mec\u00e0niques (engranatges, politges, corretges dentades, cadenes, anells de fixaci\u00f3, rodes lliures, embragatges i frens, juntes universals, diferencials, gir intermitent, reenviaments, limitadors parell), transport de fluids (bombes, juntes rotatives, r\u00e0cords, v\u00e0lvules), rodes, moviment lineal (rails, patins, guies, clavegueres), estanque\u00eftat, cargols, ventilaci\u00f3 (tubs i accessoris, ventiladors, turbines)).<\/p>\n<\/div>\n<p>[\/et_pb_text][\/et_pb_column][et_pb_column type=&#8221;2_5&#8243; _builder_version=&#8221;4.19.1&#8243; _module_preset=&#8221;default&#8221; border_radii=&#8221;on|8px|8px|8px|8px&#8221; global_colors_info=&#8221;{}&#8221;][et_pb_contact_form email=&#8221;mecano@mecanopenedes.com&#8221; custom_message=&#8221;Nom:%%Name%%||et_pb_line_break_holder||Email:%%Email%%||et_pb_line_break_holder||Missatge:%%Message%%&#8221; success_message=&#8221;Missatge enviat.&#8221; submit_button_text=&#8221;Enviar&#8221; _builder_version=&#8221;4.19.2&#8243; _module_preset=&#8221;default&#8221; _unique_id=&#8221;c2af3048-77a4-4f42-975c-6fc529720747&#8243; background_color=&#8221;#adadad&#8221; background_image=&#8221;https:\/\/mecanopenedes.com\/wp-content\/uploads\/2022\/12\/metin-ozer-CPXPe80vX8c-unsplash-scaled.jpg&#8221; background_blend=&#8221;screen&#8221; custom_button=&#8221;on&#8221; button_text_color=&#8221;#C61B1B&#8221; button_bg_color=&#8221;#e8e8e8&#8243; button_border_width=&#8221;1px&#8221; button_border_color=&#8221;#000000&#8243; button_border_radius=&#8221;10px&#8221; button_use_icon=&#8221;off&#8221; custom_margin=&#8221;||||false|false&#8221; custom_padding=&#8221;20px|20px|20px|20px|true|true&#8221; custom_css_contact_button=&#8221;width: 80%;&#8221; border_radii=&#8221;on|6px|6px|6px|6px&#8221; box_shadow_style=&#8221;preset1&#8243; global_colors_info=&#8221;{}&#8221; button_text_color__hover=&#8221;#ffffff&#8221; button_text_color__hover_enabled=&#8221;on|hover&#8221; button_bg_color__hover=&#8221;#333333&#8243; button_bg_color__hover_enabled=&#8221;on|desktop&#8221;][et_pb_contact_field field_id=&#8221;Name&#8221; field_title=&#8221;Nom&#8221; _builder_version=&#8221;4.16&#8243; global_colors_info=&#8221;{}&#8221; button_text_size__hover_enabled=&#8221;off&#8221; button_one_text_size__hover_enabled=&#8221;off&#8221; button_two_text_size__hover_enabled=&#8221;off&#8221; button_text_color__hover_enabled=&#8221;off&#8221; button_one_text_color__hover_enabled=&#8221;off&#8221; button_two_text_color__hover_enabled=&#8221;off&#8221; button_border_width__hover_enabled=&#8221;off&#8221; button_one_border_width__hover_enabled=&#8221;off&#8221; button_two_border_width__hover_enabled=&#8221;off&#8221; button_border_color__hover_enabled=&#8221;off&#8221; button_one_border_color__hover_enabled=&#8221;off&#8221; button_two_border_color__hover_enabled=&#8221;off&#8221; button_border_radius__hover_enabled=&#8221;off&#8221; button_one_border_radius__hover_enabled=&#8221;off&#8221; button_two_border_radius__hover_enabled=&#8221;off&#8221; button_letter_spacing__hover_enabled=&#8221;off&#8221; button_one_letter_spacing__hover_enabled=&#8221;off&#8221; button_two_letter_spacing__hover_enabled=&#8221;off&#8221; button_bg_color__hover_enabled=&#8221;off&#8221; button_one_bg_color__hover_enabled=&#8221;off&#8221; button_two_bg_color__hover_enabled=&#8221;off&#8221;][\/et_pb_contact_field][et_pb_contact_field field_id=&#8221;Email&#8221; field_title=&#8221;Adre\u00e7a de correu electr\u00f2nic&#8221; field_type=&#8221;email&#8221; _builder_version=&#8221;4.16&#8243; global_colors_info=&#8221;{}&#8221; button_text_size__hover_enabled=&#8221;off&#8221; button_one_text_size__hover_enabled=&#8221;off&#8221; button_two_text_size__hover_enabled=&#8221;off&#8221; button_text_color__hover_enabled=&#8221;off&#8221; button_one_text_color__hover_enabled=&#8221;off&#8221; button_two_text_color__hover_enabled=&#8221;off&#8221; button_border_width__hover_enabled=&#8221;off&#8221; button_one_border_width__hover_enabled=&#8221;off&#8221; button_two_border_width__hover_enabled=&#8221;off&#8221; button_border_color__hover_enabled=&#8221;off&#8221; button_one_border_color__hover_enabled=&#8221;off&#8221; button_two_border_color__hover_enabled=&#8221;off&#8221; button_border_radius__hover_enabled=&#8221;off&#8221; button_one_border_radius__hover_enabled=&#8221;off&#8221; button_two_border_radius__hover_enabled=&#8221;off&#8221; button_letter_spacing__hover_enabled=&#8221;off&#8221; button_one_letter_spacing__hover_enabled=&#8221;off&#8221; button_two_letter_spacing__hover_enabled=&#8221;off&#8221; button_bg_color__hover_enabled=&#8221;off&#8221; button_one_bg_color__hover_enabled=&#8221;off&#8221; button_two_bg_color__hover_enabled=&#8221;off&#8221;][\/et_pb_contact_field][et_pb_contact_field field_id=&#8221;Message&#8221; field_title=&#8221;Missatge&#8221; field_type=&#8221;text&#8221; fullwidth_field=&#8221;on&#8221; _builder_version=&#8221;4.16&#8243; global_colors_info=&#8221;{}&#8221; button_text_size__hover_enabled=&#8221;off&#8221; button_one_text_size__hover_enabled=&#8221;off&#8221; button_two_text_size__hover_enabled=&#8221;off&#8221; button_text_color__hover_enabled=&#8221;off&#8221; button_one_text_color__hover_enabled=&#8221;off&#8221; button_two_text_color__hover_enabled=&#8221;off&#8221; button_border_width__hover_enabled=&#8221;off&#8221; button_one_border_width__hover_enabled=&#8221;off&#8221; button_two_border_width__hover_enabled=&#8221;off&#8221; button_border_color__hover_enabled=&#8221;off&#8221; button_one_border_color__hover_enabled=&#8221;off&#8221; button_two_border_color__hover_enabled=&#8221;off&#8221; button_border_radius__hover_enabled=&#8221;off&#8221; button_one_border_radius__hover_enabled=&#8221;off&#8221; button_two_border_radius__hover_enabled=&#8221;off&#8221; button_letter_spacing__hover_enabled=&#8221;off&#8221; button_one_letter_spacing__hover_enabled=&#8221;off&#8221; button_two_letter_spacing__hover_enabled=&#8221;off&#8221; button_bg_color__hover_enabled=&#8221;off&#8221; button_one_bg_color__hover_enabled=&#8221;off&#8221; button_two_bg_color__hover_enabled=&#8221;off&#8221;][\/et_pb_contact_field][\/et_pb_contact_form][\/et_pb_column][\/et_pb_row][et_pb_row column_structure=&#8221;1_2,1_2&#8243; _builder_version=&#8221;4.19.2&#8243; _module_preset=&#8221;default&#8221; max_width=&#8221;100%&#8221; global_colors_info=&#8221;{}&#8221; theme_builder_area=&#8221;post_content&#8221;][et_pb_column type=&#8221;1_2&#8243; _builder_version=&#8221;4.19.1&#8243; _module_preset=&#8221;default&#8221; global_colors_info=&#8221;{}&#8221; theme_builder_area=&#8221;post_content&#8221;][et_pb_image src=&#8221;https:\/\/mecanopenedes.com\/wp-content\/uploads\/2023\/09\/instagram3.jpg&#8221; title_text=&#8221;instagram3&#8243; _builder_version=&#8221;4.21.0&#8243; _module_preset=&#8221;default&#8221; width=&#8221;100%&#8221; max_width=&#8221;100%&#8221; global_colors_info=&#8221;{}&#8221; theme_builder_area=&#8221;post_content&#8221;][\/et_pb_image][\/et_pb_column][et_pb_column type=&#8221;1_2&#8243; _builder_version=&#8221;4.19.2&#8243; _module_preset=&#8221;default&#8221; border_radii=&#8221;on|8px|8px|8px|8px&#8221; global_colors_info=&#8221;{}&#8221; theme_builder_area=&#8221;post_content&#8221;][et_pb_image src=&#8221;https:\/\/mecanopenedes.com\/wp-content\/uploads\/2023\/09\/WhatsApp-Image-2023-08-10-at-09.54.09-1.jpeg&#8221; title_text=&#8221;WhatsApp Image 2023-08-10 at 09.54.09 (1)&#8221; _builder_version=&#8221;4.21.0&#8243; _module_preset=&#8221;default&#8221; width=&#8221;89%&#8221; global_colors_info=&#8221;{}&#8221; theme_builder_area=&#8221;post_content&#8221;][\/et_pb_image][\/et_pb_column][\/et_pb_row][et_pb_row column_structure=&#8221;3_5,2_5&#8243; custom_padding_last_edited=&#8221;on|phone&#8221; _builder_version=&#8221;4.19.2&#8243; _module_preset=&#8221;default&#8221; max_width=&#8221;100%&#8221; max_height_tablet=&#8221;&#8221; max_height_phone=&#8221;100px&#8221; max_height_last_edited=&#8221;on|phone&#8221; custom_padding_tablet=&#8221;&#8221; custom_padding_phone=&#8221;0px||||false|false&#8221; global_colors_info=&#8221;{}&#8221;][et_pb_column type=&#8221;3_5&#8243; _builder_version=&#8221;4.19.1&#8243; _module_preset=&#8221;default&#8221; global_colors_info=&#8221;{}&#8221;][et_pb_text _builder_version=&#8221;4.19.2&#8243; _module_preset=&#8221;default&#8221; text_font_size=&#8221;16px&#8221; header_font=&#8221;|600|||||||&#8221; header_text_color=&#8221;#141414&#8243; header_font_size=&#8221;84px&#8221; header_font_size_tablet=&#8221;84px&#8221; header_font_size_phone=&#8221;37px&#8221; header_font_size_last_edited=&#8221;on|phone&#8221; global_colors_info=&#8221;{}&#8221;]<\/p>\n<div class=\"et_pb_module et_pb_text et_pb_text_1 et_pb_text_align_left et_pb_bg_layout_light\">\n<h1 class=\"et_pb_text_inner\"><strong>Reacondicionament de m\u00e0quines<\/strong><\/h1>\n<\/div>\n<p>Posada al dia de l\u00ednies de m\u00e0quines i muntatge de primers equips.<\/p>\n<p>\u00b7 Mecano Pened\u00e8s disposa d&#8217;una \u00e0mplia superf\u00edcie, destinada a la renovaci\u00f3 de l\u00ednies de producci\u00f3 i per al muntatge de primers equips, amb pont grua de 5Tm, personal ajustador experimentat i un gran estoc de cargols i components de fixaci\u00f3.<\/p>\n<p>[\/et_pb_text][\/et_pb_column][et_pb_column type=&#8221;2_5&#8243; _builder_version=&#8221;4.19.1&#8243; _module_preset=&#8221;default&#8221; global_colors_info=&#8221;{}&#8221;][\/et_pb_column][\/et_pb_row][et_pb_row column_structure=&#8221;3_5,2_5&#8243; _builder_version=&#8221;4.19.2&#8243; _module_preset=&#8221;default&#8221; max_width=&#8221;100%&#8221; global_colors_info=&#8221;{}&#8221;][et_pb_column type=&#8221;3_5&#8243; _builder_version=&#8221;4.19.1&#8243; _module_preset=&#8221;default&#8221; global_colors_info=&#8221;{}&#8221;][et_pb_image src=&#8221;https:\/\/mecanopenedes.com\/wp-content\/uploads\/2023\/09\/x2XaxN3Q.jpg&#8221; title_text=&#8221;x2XaxN3Q&#8221; _builder_version=&#8221;4.21.0&#8243; _module_preset=&#8221;default&#8221; hover_enabled=&#8221;0&#8243; global_colors_info=&#8221;{}&#8221; sticky_enabled=&#8221;0&#8243;][\/et_pb_image][\/et_pb_column][et_pb_column type=&#8221;2_5&#8243; _builder_version=&#8221;4.19.1&#8243; _module_preset=&#8221;default&#8221; global_colors_info=&#8221;{}&#8221;][\/et_pb_column][\/et_pb_row][et_pb_row custom_padding_last_edited=&#8221;on|phone&#8221; _builder_version=&#8221;4.19.2&#8243; _module_preset=&#8221;default&#8221; custom_padding_tablet=&#8221;&#8221; custom_padding_phone=&#8221;0px||||false|false&#8221; global_colors_info=&#8221;{}&#8221;][et_pb_column type=&#8221;4_4&#8243; _builder_version=&#8221;4.19.1&#8243; _module_preset=&#8221;default&#8221; global_colors_info=&#8221;{}&#8221;][et_pb_image src=&#8221;https:\/\/mecanopenedes.com\/wp-content\/uploads\/2022\/12\/download.png&#8221; title_text=&#8221;download&#8221; url=&#8221;https:\/\/mecanopenedes.com\/wp-content\/uploads\/2022\/12\/3.1Mantenimiento-y-reacondicionamiento1.pdf&#8221; url_new_window=&#8221;on&#8221; align=&#8221;center&#8221; _builder_version=&#8221;4.19.2&#8243; _module_preset=&#8221;default&#8221; max_width=&#8221;10%&#8221; max_width_tablet=&#8221;10%&#8221; max_width_phone=&#8221;22%&#8221; max_width_last_edited=&#8221;on|phone&#8221; global_colors_info=&#8221;{}&#8221;][\/et_pb_image][et_pb_text _builder_version=&#8221;4.19.2&#8243; _module_preset=&#8221;default&#8221; text_font_size=&#8221;42px&#8221; header_font=&#8221;|600|||||||&#8221; header_font_size=&#8221;84px&#8221; text_orientation=&#8221;center&#8221; max_width=&#8221;29%&#8221; max_width_tablet=&#8221;29%&#8221; max_width_phone=&#8221;70%&#8221; max_width_last_edited=&#8221;on|phone&#8221; module_alignment=&#8221;center&#8221; custom_padding=&#8221;||10px||false|false&#8221; text_font_size_tablet=&#8221;42px&#8221; text_font_size_phone=&#8221;32px&#8221; text_font_size_last_edited=&#8221;on|phone&#8221; border_color_all=&#8221;#EAB2A1&#8243; border_width_bottom=&#8221;2px&#8221; global_colors_info=&#8221;{}&#8221;]<\/p>\n<p>Fitxa t\u00e8cnica<\/p>\n<p>[\/et_pb_text][\/et_pb_column][\/et_pb_row][\/et_pb_section]<\/p>\n","protected":false},"excerpt":{"rendered":"<p>Mecano Pened\u00e8s Manteniment i recondicionament Manteniment industrial MP disposa de professionals i mitjans adequats per efectuar les tasques de manteniment de m\u00e0quines i instal\u00b7lacions industrials, en molt variats sectors industrials; sent la fiabilitat la nostra principal premissa \u00b7 Fabricaci\u00f3 de recanvis segons mostra o millora del disseny, (dimensions, material, lubricaci\u00f3) en mil\u00b7l\u00edmetres i en polzades. [&hellip;]<\/p>\n","protected":false},"author":5,"featured_media":0,"parent":368740,"menu_order":0,"comment_status":"closed","ping_status":"closed","template":"","meta":{"_et_pb_use_builder":"on","_et_pb_old_content":"","_et_gb_content_width":"","footnotes":""},"class_list":["post-368763","page","type-page","status-publish","hentry"],"yoast_head":"<!-- This site is optimized with the Yoast SEO plugin v26.9 - https:\/\/yoast.com\/product\/yoast-seo-wordpress\/ -->\n<title>Manteniment i recondicionament - Mecano Pened\u00e9s<\/title>\n<meta name=\"robots\" content=\"index, follow, max-snippet:-1, max-image-preview:large, max-video-preview:-1\" \/>\n<link rel=\"canonical\" href=\"https:\/\/mecanopenedes.com\/servicios-y-productos\/mantenimiento-y-reacondicionamiento\/\" \/>\n<meta property=\"og:locale\" content=\"ca_ES\" \/>\n<meta property=\"og:type\" content=\"article\" \/>\n<meta property=\"og:title\" content=\"Manteniment i recondicionament - Mecano Pened\u00e9s\" \/>\n<meta property=\"og:description\" content=\"Mecano Pened\u00e8s Manteniment i recondicionament Manteniment industrial MP disposa de professionals i mitjans adequats per efectuar les tasques de manteniment de m\u00e0quines i instal\u00b7lacions industrials, en molt variats sectors industrials; sent la fiabilitat la nostra principal premissa \u00b7 Fabricaci\u00f3 de recanvis segons mostra o millora del disseny, (dimensions, material, lubricaci\u00f3) en mil\u00b7l\u00edmetres i en polzades. [&hellip;]\" \/>\n<meta property=\"og:url\" content=\"https:\/\/mecanopenedes.com\/servicios-y-productos\/mantenimiento-y-reacondicionamiento\/\" \/>\n<meta property=\"og:site_name\" content=\"Mecano Pened\u00e9s\" \/>\n<meta property=\"article:modified_time\" content=\"2023-09-18T09:14:24+00:00\" \/>\n<meta name=\"twitter:card\" content=\"summary_large_image\" \/>\n<meta name=\"twitter:label1\" content=\"Temps estimat de lectura\" \/>\n\t<meta name=\"twitter:data1\" content=\"8 minuts\" \/>\n<script type=\"application\/ld+json\" class=\"yoast-schema-graph\">{\"@context\":\"https:\/\/schema.org\",\"@graph\":[{\"@type\":\"WebPage\",\"@id\":\"https:\/\/mecanopenedes.com\/servicios-y-productos\/mantenimiento-y-reacondicionamiento\/\",\"url\":\"https:\/\/mecanopenedes.com\/servicios-y-productos\/mantenimiento-y-reacondicionamiento\/\",\"name\":\"Manteniment i recondicionament - Mecano Pened\u00e9s\",\"isPartOf\":{\"@id\":\"https:\/\/mecanopenedes.com\/#website\"},\"datePublished\":\"2022-12-01T10:04:53+00:00\",\"dateModified\":\"2023-09-18T09:14:24+00:00\",\"breadcrumb\":{\"@id\":\"https:\/\/mecanopenedes.com\/servicios-y-productos\/mantenimiento-y-reacondicionamiento\/#breadcrumb\"},\"inLanguage\":\"ca\",\"potentialAction\":[{\"@type\":\"ReadAction\",\"target\":[\"https:\/\/mecanopenedes.com\/servicios-y-productos\/mantenimiento-y-reacondicionamiento\/\"]}]},{\"@type\":\"BreadcrumbList\",\"@id\":\"https:\/\/mecanopenedes.com\/servicios-y-productos\/mantenimiento-y-reacondicionamiento\/#breadcrumb\",\"itemListElement\":[{\"@type\":\"ListItem\",\"position\":1,\"name\":\"Portada\",\"item\":\"https:\/\/mecanopenedes.com\/\"},{\"@type\":\"ListItem\",\"position\":2,\"name\":\"Serveis i productes\",\"item\":\"https:\/\/mecanopenedes.com\/servicios-y-productos\/\"},{\"@type\":\"ListItem\",\"position\":3,\"name\":\"Manteniment i recondicionament\"}]},{\"@type\":\"WebSite\",\"@id\":\"https:\/\/mecanopenedes.com\/#website\",\"url\":\"https:\/\/mecanopenedes.com\/\",\"name\":\"Mecano Pened\u00e9s\",\"description\":\"\",\"publisher\":{\"@id\":\"https:\/\/mecanopenedes.com\/#organization\"},\"potentialAction\":[{\"@type\":\"SearchAction\",\"target\":{\"@type\":\"EntryPoint\",\"urlTemplate\":\"https:\/\/mecanopenedes.com\/?s={search_term_string}\"},\"query-input\":{\"@type\":\"PropertyValueSpecification\",\"valueRequired\":true,\"valueName\":\"search_term_string\"}}],\"inLanguage\":\"ca\"},{\"@type\":\"Organization\",\"@id\":\"https:\/\/mecanopenedes.com\/#organization\",\"name\":\"Mecano Pened\u00e9s\",\"url\":\"https:\/\/mecanopenedes.com\/\",\"logo\":{\"@type\":\"ImageObject\",\"inLanguage\":\"ca\",\"@id\":\"https:\/\/mecanopenedes.com\/#\/schema\/logo\/image\/\",\"url\":\"https:\/\/mecanopenedes.com\/wp-content\/uploads\/2022\/11\/logo-mecano.jpg\",\"contentUrl\":\"https:\/\/mecanopenedes.com\/wp-content\/uploads\/2022\/11\/logo-mecano.jpg\",\"width\":200,\"height\":118,\"caption\":\"Mecano Pened\u00e9s\"},\"image\":{\"@id\":\"https:\/\/mecanopenedes.com\/#\/schema\/logo\/image\/\"}}]}<\/script>\n<!-- \/ Yoast SEO plugin. -->","yoast_head_json":{"title":"Manteniment i recondicionament - Mecano Pened\u00e9s","robots":{"index":"index","follow":"follow","max-snippet":"max-snippet:-1","max-image-preview":"max-image-preview:large","max-video-preview":"max-video-preview:-1"},"canonical":"https:\/\/mecanopenedes.com\/servicios-y-productos\/mantenimiento-y-reacondicionamiento\/","og_locale":"ca_ES","og_type":"article","og_title":"Manteniment i recondicionament - Mecano Pened\u00e9s","og_description":"Mecano Pened\u00e8s Manteniment i recondicionament Manteniment industrial MP disposa de professionals i mitjans adequats per efectuar les tasques de manteniment de m\u00e0quines i instal\u00b7lacions industrials, en molt variats sectors industrials; sent la fiabilitat la nostra principal premissa \u00b7 Fabricaci\u00f3 de recanvis segons mostra o millora del disseny, (dimensions, material, lubricaci\u00f3) en mil\u00b7l\u00edmetres i en polzades. [&hellip;]","og_url":"https:\/\/mecanopenedes.com\/servicios-y-productos\/mantenimiento-y-reacondicionamiento\/","og_site_name":"Mecano Pened\u00e9s","article_modified_time":"2023-09-18T09:14:24+00:00","twitter_card":"summary_large_image","twitter_misc":{"Temps estimat de lectura":"8 minuts"},"schema":{"@context":"https:\/\/schema.org","@graph":[{"@type":"WebPage","@id":"https:\/\/mecanopenedes.com\/servicios-y-productos\/mantenimiento-y-reacondicionamiento\/","url":"https:\/\/mecanopenedes.com\/servicios-y-productos\/mantenimiento-y-reacondicionamiento\/","name":"Manteniment i recondicionament - Mecano Pened\u00e9s","isPartOf":{"@id":"https:\/\/mecanopenedes.com\/#website"},"datePublished":"2022-12-01T10:04:53+00:00","dateModified":"2023-09-18T09:14:24+00:00","breadcrumb":{"@id":"https:\/\/mecanopenedes.com\/servicios-y-productos\/mantenimiento-y-reacondicionamiento\/#breadcrumb"},"inLanguage":"ca","potentialAction":[{"@type":"ReadAction","target":["https:\/\/mecanopenedes.com\/servicios-y-productos\/mantenimiento-y-reacondicionamiento\/"]}]},{"@type":"BreadcrumbList","@id":"https:\/\/mecanopenedes.com\/servicios-y-productos\/mantenimiento-y-reacondicionamiento\/#breadcrumb","itemListElement":[{"@type":"ListItem","position":1,"name":"Portada","item":"https:\/\/mecanopenedes.com\/"},{"@type":"ListItem","position":2,"name":"Serveis i productes","item":"https:\/\/mecanopenedes.com\/servicios-y-productos\/"},{"@type":"ListItem","position":3,"name":"Manteniment i recondicionament"}]},{"@type":"WebSite","@id":"https:\/\/mecanopenedes.com\/#website","url":"https:\/\/mecanopenedes.com\/","name":"Mecano Pened\u00e9s","description":"","publisher":{"@id":"https:\/\/mecanopenedes.com\/#organization"},"potentialAction":[{"@type":"SearchAction","target":{"@type":"EntryPoint","urlTemplate":"https:\/\/mecanopenedes.com\/?s={search_term_string}"},"query-input":{"@type":"PropertyValueSpecification","valueRequired":true,"valueName":"search_term_string"}}],"inLanguage":"ca"},{"@type":"Organization","@id":"https:\/\/mecanopenedes.com\/#organization","name":"Mecano Pened\u00e9s","url":"https:\/\/mecanopenedes.com\/","logo":{"@type":"ImageObject","inLanguage":"ca","@id":"https:\/\/mecanopenedes.com\/#\/schema\/logo\/image\/","url":"https:\/\/mecanopenedes.com\/wp-content\/uploads\/2022\/11\/logo-mecano.jpg","contentUrl":"https:\/\/mecanopenedes.com\/wp-content\/uploads\/2022\/11\/logo-mecano.jpg","width":200,"height":118,"caption":"Mecano Pened\u00e9s"},"image":{"@id":"https:\/\/mecanopenedes.com\/#\/schema\/logo\/image\/"}}]}},"_links":{"self":[{"href":"https:\/\/mecanopenedes.com\/ca\/wp-json\/wp\/v2\/pages\/368763","targetHints":{"allow":["GET"]}}],"collection":[{"href":"https:\/\/mecanopenedes.com\/ca\/wp-json\/wp\/v2\/pages"}],"about":[{"href":"https:\/\/mecanopenedes.com\/ca\/wp-json\/wp\/v2\/types\/page"}],"author":[{"embeddable":true,"href":"https:\/\/mecanopenedes.com\/ca\/wp-json\/wp\/v2\/users\/5"}],"replies":[{"embeddable":true,"href":"https:\/\/mecanopenedes.com\/ca\/wp-json\/wp\/v2\/comments?post=368763"}],"version-history":[{"count":10,"href":"https:\/\/mecanopenedes.com\/ca\/wp-json\/wp\/v2\/pages\/368763\/revisions"}],"predecessor-version":[{"id":369224,"href":"https:\/\/mecanopenedes.com\/ca\/wp-json\/wp\/v2\/pages\/368763\/revisions\/369224"}],"up":[{"embeddable":true,"href":"https:\/\/mecanopenedes.com\/ca\/wp-json\/wp\/v2\/pages\/368740"}],"wp:attachment":[{"href":"https:\/\/mecanopenedes.com\/ca\/wp-json\/wp\/v2\/media?parent=368763"}],"curies":[{"name":"wp","href":"https:\/\/api.w.org\/{rel}","templated":true}]}}