{"id":368747,"date":"2022-11-30T09:37:30","date_gmt":"2022-11-30T09:37:30","guid":{"rendered":"https:\/\/mecanopenedes.com\/maquinaria\/"},"modified":"2023-09-29T10:22:19","modified_gmt":"2023-09-29T10:22:19","slug":"maquinaria","status":"publish","type":"page","link":"https:\/\/mecanopenedes.com\/ca\/maquinaria\/","title":{"rendered":"Maquin\u00e0ria"},"content":{"rendered":"<p>[et_pb_section fb_built=&#8221;1&#8243; _builder_version=&#8221;4.21.0&#8243; _module_preset=&#8221;default&#8221; background_color=&#8221;#b5b5b5&#8243; background_image=&#8221;https:\/\/mecanopenedes.com\/wp-content\/uploads\/2023\/09\/1Nu4QpsQ.jpg&#8221; background_blend=&#8221;multiply&#8221; min_height=&#8221;400px&#8221; global_colors_info=&#8221;{}&#8221;][et_pb_row _builder_version=&#8221;4.19.1&#8243; _module_preset=&#8221;default&#8221; global_colors_info=&#8221;{}&#8221;][et_pb_column type=&#8221;4_4&#8243; _builder_version=&#8221;4.19.1&#8243; _module_preset=&#8221;default&#8221; global_colors_info=&#8221;{}&#8221;][et_pb_text _builder_version=&#8221;4.19.2&#8243; _module_preset=&#8221;default&#8221; text_text_color=&#8221;#EAB2A1&#8243; text_font_size=&#8221;28px&#8221; text_line_height=&#8221;1.8em&#8221; header_font=&#8221;|600|||||||&#8221; header_text_color=&#8221;#e5e5e5&#8243; header_font_size=&#8221;91px&#8221; text_orientation=&#8221;center&#8221; header_font_size_tablet=&#8221;91px&#8221; header_font_size_phone=&#8221;74px&#8221; header_font_size_last_edited=&#8221;on|phone&#8221; global_colors_info=&#8221;{}&#8221;]<\/p>\n<p>Mecano Pened\u00e8s<\/p>\n<h1>Maquin\u00e0ria<\/h1>\n<p>[\/et_pb_text][\/et_pb_column][\/et_pb_row][\/et_pb_section][et_pb_section fb_built=&#8221;1&#8243; _builder_version=&#8221;4.19.1&#8243; _module_preset=&#8221;default&#8221; global_colors_info=&#8221;{}&#8221;][et_pb_row column_structure=&#8221;1_4,3_4&#8243; make_equal=&#8221;on&#8221; _builder_version=&#8221;4.19.2&#8243; _module_preset=&#8221;default&#8221; width=&#8221;60%&#8221; width_tablet=&#8221;60%&#8221; width_phone=&#8221;85%&#8221; width_last_edited=&#8221;on|phone&#8221; max_width=&#8221;100%&#8221; module_alignment=&#8221;center&#8221; border_width_bottom=&#8221;2px&#8221; border_color_bottom=&#8221;#EAB2A1&#8243; global_colors_info=&#8221;{}&#8221;][et_pb_column type=&#8221;1_4&#8243; _builder_version=&#8221;4.19.1&#8243; _module_preset=&#8221;default&#8221; global_colors_info=&#8221;{}&#8221;][et_pb_image src=&#8221;https:\/\/mecanopenedes.com\/wp-content\/uploads\/2022\/11\/milling-machine.png&#8221; title_text=&#8221;milling-machine&#8221; _builder_version=&#8221;4.19.2&#8243; _module_preset=&#8221;default&#8221; width=&#8221;70%&#8221; max_width=&#8221;70%&#8221; module_alignment=&#8221;center&#8221; global_colors_info=&#8221;{}&#8221;][\/et_pb_image][\/et_pb_column][et_pb_column type=&#8221;3_4&#8243; _builder_version=&#8221;4.19.1&#8243; _module_preset=&#8221;default&#8221; background_enable_image=&#8221;off&#8221; global_colors_info=&#8221;{}&#8221;][et_pb_text _builder_version=&#8221;4.22.2&#8243; _module_preset=&#8221;default&#8221; global_colors_info=&#8221;{}&#8221;]<\/p>\n<p><span>A les instal\u00b7lacions de MECANO PENED\u00c8S SL disposem de la seg\u00fcent maquin\u00e0ria:<\/span><\/p>\n<p>&nbsp;<\/p>\n<p>1 Fresadora bancada fixa CME, CNC, 3000\u00d71200<\/p>\n<p>1 Fresadora de bancada fixa CME, CNC, 2500\u00d71200<\/p>\n<p>1 Fresadora de bancada fixa CME, CNC, 2000\u00d71000<\/p>\n<p>Centre de Mecanitzat Microcut VMC-1300 CNC equipat amb 4 eix<\/p>\n<p>les 4 equipades amb control num\u00e8ric Heidenhain\u00a0<\/p>\n<p>&nbsp;<\/p>\n<p>[\/et_pb_text][\/et_pb_column][\/et_pb_row][et_pb_row column_structure=&#8221;1_4,3_4&#8243; make_equal=&#8221;on&#8221; _builder_version=&#8221;4.19.2&#8243; _module_preset=&#8221;default&#8221; width=&#8221;60%&#8221; width_tablet=&#8221;60%&#8221; width_phone=&#8221;85%&#8221; width_last_edited=&#8221;on|phone&#8221; max_width=&#8221;100%&#8221; module_alignment=&#8221;center&#8221; border_width_bottom=&#8221;2px&#8221; border_color_bottom=&#8221;#EAB2A1&#8243; global_colors_info=&#8221;{}&#8221;][et_pb_column type=&#8221;1_4&#8243; _builder_version=&#8221;4.19.1&#8243; _module_preset=&#8221;default&#8221; global_colors_info=&#8221;{}&#8221;][et_pb_image src=&#8221;https:\/\/mecanopenedes.com\/wp-content\/uploads\/2022\/11\/turnstile.png&#8221; title_text=&#8221;turnstile&#8221; align=&#8221;center&#8221; _builder_version=&#8221;4.19.2&#8243; _module_preset=&#8221;default&#8221; width=&#8221;70%&#8221; max_width=&#8221;70%&#8221; global_colors_info=&#8221;{}&#8221;][\/et_pb_image][\/et_pb_column][et_pb_column type=&#8221;3_4&#8243; _builder_version=&#8221;4.19.1&#8243; _module_preset=&#8221;default&#8221; global_colors_info=&#8221;{}&#8221;][et_pb_text _builder_version=&#8221;4.22.2&#8243; _module_preset=&#8221;default&#8221; global_colors_info=&#8221;{}&#8221;]<\/p>\n<p>Torn CNC &#8211; CMZ-TA-30-1100 amb bancada inclinada provist de torretes motoritzades per poder fresar.<\/p>\n<p>&nbsp;<\/p>\n<p>[\/et_pb_text][et_pb_blurb title=&#8221;Amb el suport del Departament d&#8217;Empresa i treball&#8221; image=&#8221;https:\/\/mecanopenedes.com\/wp-content\/uploads\/2023\/09\/Mecano-Penedes-1-1.png&#8221; icon_alignment=&#8221;left&#8221; content_max_width=&#8221;450px&#8221; _builder_version=&#8221;4.22.2&#8243; _module_preset=&#8221;default&#8221; header_line_height=&#8221;0em&#8221; custom_margin=&#8221;-43px|419px||0px|false|false&#8221; custom_margin_tablet=&#8221;|0px|||false|false&#8221; custom_margin_phone=&#8221;|0px|||false|false&#8221; custom_margin_last_edited=&#8221;on|desktop&#8221; global_colors_info=&#8221;{}&#8221;][\/et_pb_blurb][et_pb_text _builder_version=&#8221;4.22.2&#8243; _module_preset=&#8221;default&#8221; custom_margin=&#8221;||-9px|||&#8221; global_colors_info=&#8221;{}&#8221;]<\/p>\n<p>Torn CNC Pinacho RHINO 325<\/p>\n<p>Torn CNC Pinacho ST285-80<\/p>\n<p>Torn CNC Pinacho SE200-42<\/p>\n<p>&nbsp;<\/p>\n<p>&nbsp;<\/p>\n<p>[\/et_pb_text][et_pb_text _builder_version=&#8221;4.22.2&#8243; _module_preset=&#8221;default&#8221; min_height=&#8221;43.8px&#8221; custom_margin=&#8221;||-9px|||&#8221; global_colors_info=&#8221;{}&#8221;]<\/p>\n<p>Torn Amutio Cazaneuve de 6 mts. HB810<\/p>\n<p>[\/et_pb_text][et_pb_blurb image=&#8221;https:\/\/mecanopenedes.com\/wp-content\/uploads\/2023\/09\/Diseno-sin-titulo-9-1.png&#8221; icon_alignment=&#8221;left&#8221; content_max_width=&#8221;450px&#8221; _builder_version=&#8221;4.22.2&#8243; _module_preset=&#8221;default&#8221; header_line_height=&#8221;0em&#8221; custom_margin=&#8221;|419px||0px|false|false&#8221; custom_margin_tablet=&#8221;|0px|||false|false&#8221; custom_margin_phone=&#8221;|0px|||false|false&#8221; custom_margin_last_edited=&#8221;on|desktop&#8221; hover_enabled=&#8221;0&#8243; global_colors_info=&#8221;{}&#8221; title_text=&#8221;Dise\u00f1o sin t\u00edtulo (9)&#8221; sticky_enabled=&#8221;0&#8243;][\/et_pb_blurb][et_pb_text _builder_version=&#8221;4.22.2&#8243; _module_preset=&#8221;default&#8221; custom_margin=&#8221;||-9px|||&#8221; global_colors_info=&#8221;{}&#8221;]<\/p>\n<p>Torn Amutio Cazaneuve de 2 mts. HB800<\/p>\n<p>Torn convencional Pinacho S-90\/310<\/p>\n<p>&nbsp;<\/p>\n<p>&nbsp;<\/p>\n<p>[\/et_pb_text][\/et_pb_column][\/et_pb_row][et_pb_row column_structure=&#8221;1_4,3_4&#8243; make_equal=&#8221;on&#8221; _builder_version=&#8221;4.19.2&#8243; _module_preset=&#8221;default&#8221; width=&#8221;60%&#8221; width_tablet=&#8221;60%&#8221; width_phone=&#8221;85%&#8221; width_last_edited=&#8221;on|phone&#8221; max_width=&#8221;100%&#8221; module_alignment=&#8221;center&#8221; border_width_bottom=&#8221;2px&#8221; border_color_bottom=&#8221;#EAB2A1&#8243; global_colors_info=&#8221;{}&#8221;][et_pb_column type=&#8221;1_4&#8243; _builder_version=&#8221;4.19.1&#8243; _module_preset=&#8221;default&#8221; global_colors_info=&#8221;{}&#8221;][et_pb_image src=&#8221;https:\/\/mecanopenedes.com\/wp-content\/uploads\/2022\/12\/engineering.png&#8221; title_text=&#8221;engineering&#8221; align=&#8221;center&#8221; _builder_version=&#8221;4.19.2&#8243; _module_preset=&#8221;default&#8221; width=&#8221;70%&#8221; max_width=&#8221;70%&#8221; global_colors_info=&#8221;{}&#8221;][\/et_pb_image][\/et_pb_column][et_pb_column type=&#8221;3_4&#8243; _builder_version=&#8221;4.19.1&#8243; _module_preset=&#8221;default&#8221; global_colors_info=&#8221;{}&#8221;][et_pb_text _builder_version=&#8221;4.22.2&#8243; _module_preset=&#8221;default&#8221; global_colors_info=&#8221;{}&#8221;]<\/p>\n<p>Rectificadora Plana ELB (500 x 250)<\/p>\n<p>Serra alternativa i Serra de cinta<\/p>\n<p>Taladres columna<\/p>\n<p>Roscadora<\/p>\n<p>Premsa hidr\u00e1ulica de 40Tm<\/p>\n<p>Entalladora de xavetes i ranurats d&#8217;interiors<\/p>\n<p>Equips de soldadura TIG, MIG-MAC i 1 port\u00e0til<\/p>\n<p>Rentadora per peces HP25M<\/p>\n<p>[\/et_pb_text][\/et_pb_column][\/et_pb_row][\/et_pb_section]<\/p>\n","protected":false},"excerpt":{"rendered":"<p>Mecano Pened\u00e8s Maquin\u00e0riaA les instal\u00b7lacions de MECANO PENED\u00c8S SL disposem de la seg\u00fcent maquin\u00e0ria: &nbsp; 1 Fresadora bancada fixa CME, CNC, 3000\u00d71200 1 Fresadora de bancada fixa CME, CNC, 2500\u00d71200 1 Fresadora de bancada fixa CME, CNC, 2000\u00d71000 Centre de Mecanitzat Microcut VMC-1300 CNC equipat amb 4 eix les 4 equipades amb control num\u00e8ric Heidenhain\u00a0 [&hellip;]<\/p>\n","protected":false},"author":5,"featured_media":0,"parent":0,"menu_order":0,"comment_status":"closed","ping_status":"closed","template":"","meta":{"_et_pb_use_builder":"on","_et_pb_old_content":"","_et_gb_content_width":"","footnotes":""},"class_list":["post-368747","page","type-page","status-publish","hentry"],"yoast_head":"<!-- This site is optimized with the Yoast SEO plugin v27.5 - https:\/\/yoast.com\/product\/yoast-seo-wordpress\/ -->\n<title>Maquin\u00e0ria - Mecano Pened\u00e9s<\/title>\n<meta name=\"robots\" content=\"index, follow, max-snippet:-1, max-image-preview:large, max-video-preview:-1\" \/>\n<link rel=\"canonical\" href=\"https:\/\/mecanopenedes.com\/maquinaria\/\" \/>\n<meta property=\"og:locale\" content=\"ca_ES\" \/>\n<meta property=\"og:type\" content=\"article\" \/>\n<meta property=\"og:title\" content=\"Maquin\u00e0ria - Mecano Pened\u00e9s\" \/>\n<meta property=\"og:description\" content=\"Mecano Pened\u00e8s Maquin\u00e0riaA les instal\u00b7lacions de MECANO PENED\u00c8S SL disposem de la seg\u00fcent maquin\u00e0ria: &nbsp; 1 Fresadora bancada fixa CME, CNC, 3000\u00d71200 1 Fresadora de bancada fixa CME, CNC, 2500\u00d71200 1 Fresadora de bancada fixa CME, CNC, 2000\u00d71000 Centre de Mecanitzat Microcut VMC-1300 CNC equipat amb 4 eix les 4 equipades amb control num\u00e8ric Heidenhain\u00a0 [&hellip;]\" \/>\n<meta property=\"og:url\" content=\"https:\/\/mecanopenedes.com\/maquinaria\/\" \/>\n<meta property=\"og:site_name\" content=\"Mecano Pened\u00e9s\" \/>\n<meta property=\"article:modified_time\" content=\"2023-09-29T10:22:19+00:00\" \/>\n<meta name=\"twitter:card\" content=\"summary_large_image\" \/>\n<meta name=\"twitter:label1\" content=\"Temps estimat de lectura\" \/>\n\t<meta name=\"twitter:data1\" content=\"4 minuts\" \/>\n<script type=\"application\/ld+json\" class=\"yoast-schema-graph\">{\"@context\":\"https:\\\/\\\/schema.org\",\"@graph\":[{\"@type\":\"WebPage\",\"@id\":\"https:\\\/\\\/mecanopenedes.com\\\/maquinaria\\\/\",\"url\":\"https:\\\/\\\/mecanopenedes.com\\\/maquinaria\\\/\",\"name\":\"Maquin\u00e0ria - Mecano Pened\u00e9s\",\"isPartOf\":{\"@id\":\"https:\\\/\\\/mecanopenedes.com\\\/#website\"},\"datePublished\":\"2022-11-30T09:37:30+00:00\",\"dateModified\":\"2023-09-29T10:22:19+00:00\",\"breadcrumb\":{\"@id\":\"https:\\\/\\\/mecanopenedes.com\\\/maquinaria\\\/#breadcrumb\"},\"inLanguage\":\"ca\",\"potentialAction\":[{\"@type\":\"ReadAction\",\"target\":[\"https:\\\/\\\/mecanopenedes.com\\\/maquinaria\\\/\"]}]},{\"@type\":\"BreadcrumbList\",\"@id\":\"https:\\\/\\\/mecanopenedes.com\\\/maquinaria\\\/#breadcrumb\",\"itemListElement\":[{\"@type\":\"ListItem\",\"position\":1,\"name\":\"Portada\",\"item\":\"https:\\\/\\\/mecanopenedes.com\\\/\"},{\"@type\":\"ListItem\",\"position\":2,\"name\":\"Maquin\u00e0ria\"}]},{\"@type\":\"WebSite\",\"@id\":\"https:\\\/\\\/mecanopenedes.com\\\/#website\",\"url\":\"https:\\\/\\\/mecanopenedes.com\\\/\",\"name\":\"Mecano Pened\u00e9s\",\"description\":\"\",\"publisher\":{\"@id\":\"https:\\\/\\\/mecanopenedes.com\\\/#organization\"},\"potentialAction\":[{\"@type\":\"SearchAction\",\"target\":{\"@type\":\"EntryPoint\",\"urlTemplate\":\"https:\\\/\\\/mecanopenedes.com\\\/?s={search_term_string}\"},\"query-input\":{\"@type\":\"PropertyValueSpecification\",\"valueRequired\":true,\"valueName\":\"search_term_string\"}}],\"inLanguage\":\"ca\"},{\"@type\":\"Organization\",\"@id\":\"https:\\\/\\\/mecanopenedes.com\\\/#organization\",\"name\":\"Mecano Pened\u00e9s\",\"url\":\"https:\\\/\\\/mecanopenedes.com\\\/\",\"logo\":{\"@type\":\"ImageObject\",\"inLanguage\":\"ca\",\"@id\":\"https:\\\/\\\/mecanopenedes.com\\\/#\\\/schema\\\/logo\\\/image\\\/\",\"url\":\"https:\\\/\\\/mecanopenedes.com\\\/wp-content\\\/uploads\\\/2022\\\/11\\\/logo-mecano.jpg\",\"contentUrl\":\"https:\\\/\\\/mecanopenedes.com\\\/wp-content\\\/uploads\\\/2022\\\/11\\\/logo-mecano.jpg\",\"width\":200,\"height\":118,\"caption\":\"Mecano Pened\u00e9s\"},\"image\":{\"@id\":\"https:\\\/\\\/mecanopenedes.com\\\/#\\\/schema\\\/logo\\\/image\\\/\"}}]}<\/script>\n<!-- \/ Yoast SEO plugin. -->","yoast_head_json":{"title":"Maquin\u00e0ria - Mecano Pened\u00e9s","robots":{"index":"index","follow":"follow","max-snippet":"max-snippet:-1","max-image-preview":"max-image-preview:large","max-video-preview":"max-video-preview:-1"},"canonical":"https:\/\/mecanopenedes.com\/maquinaria\/","og_locale":"ca_ES","og_type":"article","og_title":"Maquin\u00e0ria - Mecano Pened\u00e9s","og_description":"Mecano Pened\u00e8s Maquin\u00e0riaA les instal\u00b7lacions de MECANO PENED\u00c8S SL disposem de la seg\u00fcent maquin\u00e0ria: &nbsp; 1 Fresadora bancada fixa CME, CNC, 3000\u00d71200 1 Fresadora de bancada fixa CME, CNC, 2500\u00d71200 1 Fresadora de bancada fixa CME, CNC, 2000\u00d71000 Centre de Mecanitzat Microcut VMC-1300 CNC equipat amb 4 eix les 4 equipades amb control num\u00e8ric Heidenhain\u00a0 [&hellip;]","og_url":"https:\/\/mecanopenedes.com\/maquinaria\/","og_site_name":"Mecano Pened\u00e9s","article_modified_time":"2023-09-29T10:22:19+00:00","twitter_card":"summary_large_image","twitter_misc":{"Temps estimat de lectura":"4 minuts"},"schema":{"@context":"https:\/\/schema.org","@graph":[{"@type":"WebPage","@id":"https:\/\/mecanopenedes.com\/maquinaria\/","url":"https:\/\/mecanopenedes.com\/maquinaria\/","name":"Maquin\u00e0ria - Mecano Pened\u00e9s","isPartOf":{"@id":"https:\/\/mecanopenedes.com\/#website"},"datePublished":"2022-11-30T09:37:30+00:00","dateModified":"2023-09-29T10:22:19+00:00","breadcrumb":{"@id":"https:\/\/mecanopenedes.com\/maquinaria\/#breadcrumb"},"inLanguage":"ca","potentialAction":[{"@type":"ReadAction","target":["https:\/\/mecanopenedes.com\/maquinaria\/"]}]},{"@type":"BreadcrumbList","@id":"https:\/\/mecanopenedes.com\/maquinaria\/#breadcrumb","itemListElement":[{"@type":"ListItem","position":1,"name":"Portada","item":"https:\/\/mecanopenedes.com\/"},{"@type":"ListItem","position":2,"name":"Maquin\u00e0ria"}]},{"@type":"WebSite","@id":"https:\/\/mecanopenedes.com\/#website","url":"https:\/\/mecanopenedes.com\/","name":"Mecano Pened\u00e9s","description":"","publisher":{"@id":"https:\/\/mecanopenedes.com\/#organization"},"potentialAction":[{"@type":"SearchAction","target":{"@type":"EntryPoint","urlTemplate":"https:\/\/mecanopenedes.com\/?s={search_term_string}"},"query-input":{"@type":"PropertyValueSpecification","valueRequired":true,"valueName":"search_term_string"}}],"inLanguage":"ca"},{"@type":"Organization","@id":"https:\/\/mecanopenedes.com\/#organization","name":"Mecano Pened\u00e9s","url":"https:\/\/mecanopenedes.com\/","logo":{"@type":"ImageObject","inLanguage":"ca","@id":"https:\/\/mecanopenedes.com\/#\/schema\/logo\/image\/","url":"https:\/\/mecanopenedes.com\/wp-content\/uploads\/2022\/11\/logo-mecano.jpg","contentUrl":"https:\/\/mecanopenedes.com\/wp-content\/uploads\/2022\/11\/logo-mecano.jpg","width":200,"height":118,"caption":"Mecano Pened\u00e9s"},"image":{"@id":"https:\/\/mecanopenedes.com\/#\/schema\/logo\/image\/"}}]}},"_links":{"self":[{"href":"https:\/\/mecanopenedes.com\/ca\/wp-json\/wp\/v2\/pages\/368747","targetHints":{"allow":["GET"]}}],"collection":[{"href":"https:\/\/mecanopenedes.com\/ca\/wp-json\/wp\/v2\/pages"}],"about":[{"href":"https:\/\/mecanopenedes.com\/ca\/wp-json\/wp\/v2\/types\/page"}],"author":[{"embeddable":true,"href":"https:\/\/mecanopenedes.com\/ca\/wp-json\/wp\/v2\/users\/5"}],"replies":[{"embeddable":true,"href":"https:\/\/mecanopenedes.com\/ca\/wp-json\/wp\/v2\/comments?post=368747"}],"version-history":[{"count":10,"href":"https:\/\/mecanopenedes.com\/ca\/wp-json\/wp\/v2\/pages\/368747\/revisions"}],"predecessor-version":[{"id":369329,"href":"https:\/\/mecanopenedes.com\/ca\/wp-json\/wp\/v2\/pages\/368747\/revisions\/369329"}],"wp:attachment":[{"href":"https:\/\/mecanopenedes.com\/ca\/wp-json\/wp\/v2\/media?parent=368747"}],"curies":[{"name":"wp","href":"https:\/\/api.w.org\/{rel}","templated":true}]}}